{"id":9080,"date":"2022-04-21T14:46:29","date_gmt":"2022-04-21T14:46:29","guid":{"rendered":"https:\/\/www.clapclap-strasbourg.com\/evenements\/"},"modified":"2026-04-09T16:24:52","modified_gmt":"2026-04-09T16:24:52","slug":"events","status":"publish","type":"page","link":"https:\/\/www.clapclap-strasbourg.com\/de\/events\/","title":{"rendered":"Events"},"content":{"rendered":"\t\t<div data-elementor-type=\"wp-page\" data-elementor-id=\"9080\" class=\"elementor elementor-9080 elementor-76\" data-elementor-post-type=\"page\">\n\t\t\t\t\t\t<section data-dce-background-image-url=\"https:\/\/www.clapclap-strasbourg.com\/wp-content\/uploads\/events\/dj-set-friday-night-clap-show-strasbourg.webp\" class=\"elementor-section elementor-top-section elementor-element elementor-element-8e12143 elementor-section-full_width elementor-section-height-min-height elementor-section-height-default elementor-section-items-middle\" data-id=\"8e12143\" data-element_type=\"section\" data-e-type=\"section\" data-settings=\"{&quot;background_background&quot;:&quot;classic&quot;}\">\n\t\t\t\t\t\t\t<div class=\"elementor-background-overlay\"><\/div>\n\t\t\t\t\t\t\t<div class=\"elementor-container elementor-column-gap-default\">\n\t\t\t\t\t<div class=\"elementor-column elementor-col-100 elementor-top-column elementor-element elementor-element-7026985\" data-id=\"7026985\" data-element_type=\"column\" data-e-type=\"column\">\n\t\t\t<div class=\"elementor-widget-wrap elementor-element-populated\">\n\t\t\t\t\t\t<div class=\"elementor-element elementor-element-8fa966e elementor-widget elementor-widget-spacer\" data-id=\"8fa966e\" data-element_type=\"widget\" data-e-type=\"widget\" data-widget_type=\"spacer.default\">\n\t\t\t\t<div class=\"elementor-widget-container\">\n\t\t\t\t\t\t\t<div class=\"elementor-spacer\">\n\t\t\t<div class=\"elementor-spacer-inner\"><\/div>\n\t\t<\/div>\n\t\t\t\t\t\t<\/div>\n\t\t\t\t<\/div>\n\t\t\t\t<div class=\"elementor-element elementor-element-96a190b elementor-widget elementor-widget-image\" data-id=\"96a190b\" data-element_type=\"widget\" data-e-type=\"widget\" data-widget_type=\"image.default\">\n\t\t\t\t<div class=\"elementor-widget-container\">\n\t\t\t\t\t\t\t\t\t\t\t\t\t\t\t<img fetchpriority=\"high\" decoding=\"async\" width=\"500\" height=\"177\" src=\"https:\/\/www.clapclap-strasbourg.com\/wp-content\/uploads\/logo\/clap-events-logo-blanc.png\" class=\"attachment-full size-full wp-image-7835\" alt=\"clap events - logo blanc\" srcset=\"https:\/\/www.clapclap-strasbourg.com\/wp-content\/uploads\/logo\/clap-events-logo-blanc.png 500w, https:\/\/www.clapclap-strasbourg.com\/wp-content\/uploads\/logo\/clap-events-logo-blanc-300x106.png 300w\" sizes=\"(max-width: 500px) 100vw, 500px\" \/>\t\t\t\t\t\t\t\t\t\t\t\t\t\t\t<\/div>\n\t\t\t\t<\/div>\n\t\t\t\t<div class=\"elementor-element elementor-element-f65f784 elementor-widget elementor-widget-spacer\" data-id=\"f65f784\" data-element_type=\"widget\" data-e-type=\"widget\" data-widget_type=\"spacer.default\">\n\t\t\t\t<div class=\"elementor-widget-container\">\n\t\t\t\t\t\t\t<div class=\"elementor-spacer\">\n\t\t\t<div class=\"elementor-spacer-inner\"><\/div>\n\t\t<\/div>\n\t\t\t\t\t\t<\/div>\n\t\t\t\t<\/div>\n\t\t\t\t\t<\/div>\n\t\t<\/div>\n\t\t\t\t\t<\/div>\n\t\t<\/section>\n\t\t\t\t<section data-dce-background-image-url=\"https:\/\/www.clapclap-strasbourg.com\/wp-content\/uploads\/homepage\/clapclap-hotel-background.jpg\" class=\"elementor-section elementor-top-section elementor-element elementor-element-c3a3b0a elementor-section-boxed elementor-section-height-default elementor-section-height-default\" data-id=\"c3a3b0a\" data-element_type=\"section\" data-e-type=\"section\" data-settings=\"{&quot;background_background&quot;:&quot;classic&quot;}\">\n\t\t\t\t\t\t<div class=\"elementor-container elementor-column-gap-no\">\n\t\t\t\t\t<div class=\"elementor-column elementor-col-100 elementor-top-column elementor-element elementor-element-ab68a3a\" data-id=\"ab68a3a\" data-element_type=\"column\" data-e-type=\"column\">\n\t\t\t<div class=\"elementor-widget-wrap elementor-element-populated\">\n\t\t\t\t\t\t<section class=\"elementor-section elementor-inner-section elementor-element elementor-element-586b3c6 elementor-section-full_width elementor-section-height-default elementor-section-height-default\" data-id=\"586b3c6\" data-element_type=\"section\" data-e-type=\"section\">\n\t\t\t\t\t\t<div class=\"elementor-container elementor-column-gap-default\">\n\t\t\t\t\t<div class=\"elementor-column elementor-col-50 elementor-inner-column elementor-element elementor-element-44131d6\" data-id=\"44131d6\" data-element_type=\"column\" data-e-type=\"column\">\n\t\t\t<div class=\"elementor-widget-wrap elementor-element-populated\">\n\t\t\t\t\t\t<div class=\"elementor-element elementor-element-f07178b elementor-widget__width-initial elementor-widget elementor-widget-heading\" data-id=\"f07178b\" data-element_type=\"widget\" data-e-type=\"widget\" data-widget_type=\"heading.default\">\n\t\t\t\t<div class=\"elementor-widget-container\">\n\t\t\t\t\t<h1 class=\"elementor-heading-title elementor-size-default\">Events entdecken, mitmachen und unsere <span style=\"color:#DC4E57\">besten events<\/span>\n erleben<\/h1>\t\t\t\t<\/div>\n\t\t\t\t<\/div>\n\t\t\t\t<div class=\"elementor-element elementor-element-9b37820 elementor-widget__width-initial elementor-absolute elementor-widget elementor-widget-image\" data-id=\"9b37820\" data-element_type=\"widget\" data-e-type=\"widget\" data-settings=\"{&quot;_position&quot;:&quot;absolute&quot;}\" data-widget_type=\"image.default\">\n\t\t\t\t<div class=\"elementor-widget-container\">\n\t\t\t\t\t\t\t\t\t\t\t\t\t\t\t<img decoding=\"async\" width=\"162\" height=\"169\" src=\"https:\/\/www.clapclap-strasbourg.com\/wp-content\/uploads\/icones\/clap-show-details.png\" class=\"attachment-large size-large wp-image-7797\" alt=\"Illustration d&#039;une main faisant le signe rock en rose, ic\u00f4ne du ClapShow\" \/>\t\t\t\t\t\t\t\t\t\t\t\t\t\t\t<\/div>\n\t\t\t\t<\/div>\n\t\t\t\t\t<\/div>\n\t\t<\/div>\n\t\t\t\t<div class=\"elementor-column elementor-col-50 elementor-inner-column elementor-element elementor-element-488afad\" data-id=\"488afad\" data-element_type=\"column\" data-e-type=\"column\">\n\t\t\t<div class=\"elementor-widget-wrap elementor-element-populated\">\n\t\t\t\t\t\t<div class=\"elementor-element elementor-element-33fe274 elementor-widget elementor-widget-text-editor\" data-id=\"33fe274\" data-element_type=\"widget\" data-e-type=\"widget\" data-widget_type=\"text-editor.default\">\n\t\t\t\t<div class=\"elementor-widget-container\">\n\t\t\t\t\t\t\t\t\t<p>Hier finden Sie alles f\u00fcr <strong>einzigartige und gesellige Momente!<\/strong><\/p><p>Schauen Sie sich Kultur in all ihren Formen an: <strong>DJ-Sets<\/strong>, <strong>Filmvorf\u00fchrungen<\/strong>, <strong>Fu\u00dfballspiele<\/strong>, <strong>Musikbrunch<\/strong> &#8230;<\/p><p>Folgen Sie uns auf unseren Social-Media-Kan\u00e4len, um nichts zu verpassen!<\/p>\t\t\t\t\t\t\t\t<\/div>\n\t\t\t\t<\/div>\n\t\t\t\t<div class=\"elementor-element elementor-element-a7ee660 elementor-align-right elementor-widget__width-initial elementor-absolute elementor-hidden-mobile elementor-widget elementor-widget-lottie\" data-id=\"a7ee660\" data-element_type=\"widget\" data-e-type=\"widget\" data-settings=\"{&quot;source_json&quot;:{&quot;url&quot;:&quot;https:\\\/\\\/www.clapclap-strasbourg.com\\\/wp-content\\\/uploads\\\/calque-1_green2.json&quot;,&quot;id&quot;:2805,&quot;size&quot;:&quot;&quot;,&quot;alt&quot;:&quot;&quot;,&quot;source&quot;:&quot;library&quot;},&quot;loop&quot;:&quot;yes&quot;,&quot;play_speed&quot;:{&quot;unit&quot;:&quot;px&quot;,&quot;size&quot;:0.5,&quot;sizes&quot;:[]},&quot;_position&quot;:&quot;absolute&quot;,&quot;source&quot;:&quot;media_file&quot;,&quot;caption_source&quot;:&quot;none&quot;,&quot;link_to&quot;:&quot;none&quot;,&quot;trigger&quot;:&quot;arriving_to_viewport&quot;,&quot;viewport&quot;:{&quot;unit&quot;:&quot;%&quot;,&quot;size&quot;:&quot;&quot;,&quot;sizes&quot;:{&quot;start&quot;:0,&quot;end&quot;:100}},&quot;start_point&quot;:{&quot;unit&quot;:&quot;%&quot;,&quot;size&quot;:0,&quot;sizes&quot;:[]},&quot;end_point&quot;:{&quot;unit&quot;:&quot;%&quot;,&quot;size&quot;:100,&quot;sizes&quot;:[]},&quot;renderer&quot;:&quot;svg&quot;}\" data-widget_type=\"lottie.default\">\n\t\t\t\t<div class=\"elementor-widget-container\">\n\t\t\t\t\t<div class=\"e-lottie__container\"><div class=\"e-lottie__animation\"><\/div><\/div>\t\t\t\t<\/div>\n\t\t\t\t<\/div>\n\t\t\t\t\t<\/div>\n\t\t<\/div>\n\t\t\t\t\t<\/div>\n\t\t<\/section>\n\t\t\t\t\t<\/div>\n\t\t<\/div>\n\t\t\t\t\t<\/div>\n\t\t<\/section>\n\t\t\t\t<section data-dce-background-image-url=\"https:\/\/www.clapclap-strasbourg.com\/wp-content\/uploads\/homepage\/clapclap-hotel-background.jpg\" class=\"elementor-section elementor-top-section elementor-element elementor-element-5bfa374 elementor-section-boxed elementor-section-height-default elementor-section-height-default\" data-id=\"5bfa374\" data-element_type=\"section\" data-e-type=\"section\" data-settings=\"{&quot;background_background&quot;:&quot;classic&quot;}\">\n\t\t\t\t\t\t\t<div class=\"elementor-background-overlay\"><\/div>\n\t\t\t\t\t\t\t<div class=\"elementor-container elementor-column-gap-default\">\n\t\t\t\t\t<div class=\"elementor-column elementor-col-100 elementor-top-column elementor-element elementor-element-b64e0aa\" data-id=\"b64e0aa\" data-element_type=\"column\" data-e-type=\"column\">\n\t\t\t<div class=\"elementor-widget-wrap elementor-element-populated\">\n\t\t\t\t\t\t<div class=\"elementor-element elementor-element-2328ecc elementor-widget elementor-widget-shortcode\" data-id=\"2328ecc\" data-element_type=\"widget\" data-e-type=\"widget\" data-widget_type=\"shortcode.default\">\n\t\t\t\t<div class=\"elementor-widget-container\">\n\t\t\t\t\t\t\t<div class=\"elementor-shortcode\">            <div class=\"card-event\">\n                <img decoding=\"async\" src=\"https:\/\/www.clapclap-strasbourg.com\/wp-content\/uploads\/homepage\/clap-events\/de-nouveaux-evenements-arrivent-tres-bientot-clapclap-hotel-strasbourg-1.webp\" alt=\"Nicht verpassen - H\u00f4tel Clapclap\" \/>\n                <hr class=\"dashed-sep\">\n                <div class=\"infos-card-event not-found\">\n                    <div class=\"detail-event\"> \n                        Dranbleiben   \n                        <h3 class=\"title-card-event \">     \n                            Bald gibt es neue Veranstaltungen!                        <\/h3>\n                    <\/div>\n                <\/div>\n            <\/div>\n            <\/div>\n\t\t\t\t\t\t<\/div>\n\t\t\t\t<\/div>\n\t\t\t\t\t<\/div>\n\t\t<\/div>\n\t\t\t\t\t<\/div>\n\t\t<\/section>\n\t\t\t\t<\/div>\n\t\t","protected":false},"excerpt":{"rendered":"<p>Events entdecken, mitmachen und unsere besten events erleben Hier finden Sie alles f\u00fcr einzigartige und gesellige Momente! Schauen Sie sich Kultur in all ihren Formen an: DJ-Sets, Filmvorf\u00fchrungen, Fu\u00dfballspiele, Musikbrunch &#8230; Folgen Sie uns auf unseren Social-Media-Kan\u00e4len, um nichts zu verpassen!<\/p>\n","protected":false},"author":1,"featured_media":7989,"parent":0,"menu_order":0,"comment_status":"closed","ping_status":"closed","template":"","meta":{"_acf_changed":false,"footnotes":""},"class_list":["post-9080","page","type-page","status-publish","has-post-thumbnail","hentry"],"acf":[],"_links":{"self":[{"href":"https:\/\/www.clapclap-strasbourg.com\/de\/wp-json\/wp\/v2\/pages\/9080","targetHints":{"allow":["GET"]}}],"collection":[{"href":"https:\/\/www.clapclap-strasbourg.com\/de\/wp-json\/wp\/v2\/pages"}],"about":[{"href":"https:\/\/www.clapclap-strasbourg.com\/de\/wp-json\/wp\/v2\/types\/page"}],"author":[{"embeddable":true,"href":"https:\/\/www.clapclap-strasbourg.com\/de\/wp-json\/wp\/v2\/users\/1"}],"replies":[{"embeddable":true,"href":"https:\/\/www.clapclap-strasbourg.com\/de\/wp-json\/wp\/v2\/comments?post=9080"}],"version-history":[{"count":7,"href":"https:\/\/www.clapclap-strasbourg.com\/de\/wp-json\/wp\/v2\/pages\/9080\/revisions"}],"predecessor-version":[{"id":12573,"href":"https:\/\/www.clapclap-strasbourg.com\/de\/wp-json\/wp\/v2\/pages\/9080\/revisions\/12573"}],"wp:featuredmedia":[{"embeddable":true,"href":"https:\/\/www.clapclap-strasbourg.com\/de\/wp-json\/wp\/v2\/media\/7989"}],"wp:attachment":[{"href":"https:\/\/www.clapclap-strasbourg.com\/de\/wp-json\/wp\/v2\/media?parent=9080"}],"curies":[{"name":"wp","href":"https:\/\/api.w.org\/{rel}","templated":true}]}}