{"id":9092,"date":"2022-04-21T14:48:32","date_gmt":"2022-04-21T14:48:32","guid":{"rendered":"https:\/\/www.clapclap-strasbourg.com\/acces-parking\/"},"modified":"2026-04-10T09:22:29","modified_gmt":"2026-04-10T09:22:29","slug":"anfahrt-parken","status":"publish","type":"page","link":"https:\/\/www.clapclap-strasbourg.com\/de\/anfahrt-parken\/","title":{"rendered":"Anfahrt &#038; Parken"},"content":{"rendered":"\t\t<div data-elementor-type=\"wp-page\" data-elementor-id=\"9092\" class=\"elementor elementor-9092 elementor-97\" data-elementor-post-type=\"page\">\n\t\t\t\t\t\t<section data-dce-background-image-url=\"https:\/\/www.clapclap-strasbourg.com\/wp-content\/uploads\/acces-parking\/acces-parking-clapclap-hotel-strasbourg.webp\" class=\"elementor-section elementor-top-section elementor-element elementor-element-22d9dca elementor-section-full_width elementor-section-height-min-height elementor-section-height-default elementor-section-items-middle\" data-id=\"22d9dca\" data-element_type=\"section\" data-e-type=\"section\" data-settings=\"{&quot;background_background&quot;:&quot;classic&quot;}\">\n\t\t\t\t\t\t\t<div class=\"elementor-background-overlay\"><\/div>\n\t\t\t\t\t\t\t<div class=\"elementor-container elementor-column-gap-no\">\n\t\t\t\t\t<div class=\"elementor-column elementor-col-100 elementor-top-column elementor-element elementor-element-acf877e\" data-id=\"acf877e\" data-element_type=\"column\" data-e-type=\"column\">\n\t\t\t<div class=\"elementor-widget-wrap elementor-element-populated\">\n\t\t\t\t\t\t<div data-dce-title-color=\"#FFFFFF\" class=\"elementor-element elementor-element-a601bc5 elementor-widget elementor-widget-heading\" data-id=\"a601bc5\" data-element_type=\"widget\" data-e-type=\"widget\" data-widget_type=\"heading.default\">\n\t\t\t\t<div class=\"elementor-widget-container\">\n\t\t\t\t\t<h1 class=\"elementor-heading-title elementor-size-default\">Anfahrt &#038; Parken<\/h1>\t\t\t\t<\/div>\n\t\t\t\t<\/div>\n\t\t\t\t\t<\/div>\n\t\t<\/div>\n\t\t\t\t\t<\/div>\n\t\t<\/section>\n\t\t\t\t<section data-dce-background-image-url=\"https:\/\/www.clapclap-strasbourg.com\/wp-content\/uploads\/homepage\/clapclap-hotel-background.jpg\" class=\"elementor-section elementor-top-section elementor-element elementor-element-a4e735f elementor-section-boxed elementor-section-height-default elementor-section-height-default\" data-id=\"a4e735f\" data-element_type=\"section\" data-e-type=\"section\" data-settings=\"{&quot;background_background&quot;:&quot;classic&quot;}\">\n\t\t\t\t\t\t<div class=\"elementor-container elementor-column-gap-default\">\n\t\t\t\t\t<div class=\"elementor-column elementor-col-100 elementor-top-column elementor-element elementor-element-fd9a977\" data-id=\"fd9a977\" data-element_type=\"column\" data-e-type=\"column\">\n\t\t\t<div class=\"elementor-widget-wrap elementor-element-populated\">\n\t\t\t\t\t\t<div class=\"elementor-element elementor-element-9f2ad7d elementor-widget elementor-widget-video\" data-id=\"9f2ad7d\" data-element_type=\"widget\" data-e-type=\"widget\" data-settings=\"{&quot;youtube_url&quot;:&quot;https:\\\/\\\/youtu.be\\\/a84An_bwtXA&quot;,&quot;loop&quot;:&quot;yes&quot;,&quot;yt_privacy&quot;:&quot;yes&quot;,&quot;video_type&quot;:&quot;youtube&quot;,&quot;controls&quot;:&quot;yes&quot;}\" data-widget_type=\"video.default\">\n\t\t\t\t<div class=\"elementor-widget-container\">\n\t\t\t\t\t\t\t<div class=\"elementor-wrapper elementor-open-inline\">\n\t\t\t<div class=\"elementor-video\"><\/div>\t\t<\/div>\n\t\t\t\t\t\t<\/div>\n\t\t\t\t<\/div>\n\t\t\t\t\t<\/div>\n\t\t<\/div>\n\t\t\t\t\t<\/div>\n\t\t<\/section>\n\t\t\t\t<section data-dce-background-image-url=\"https:\/\/www.clapclap-strasbourg.com\/wp-content\/uploads\/homepage\/clapclap-hotel-background.jpg\" class=\"elementor-section elementor-top-section elementor-element elementor-element-52a225c elementor-section-boxed elementor-section-height-default elementor-section-height-default\" data-id=\"52a225c\" data-element_type=\"section\" data-e-type=\"section\" data-settings=\"{&quot;background_background&quot;:&quot;classic&quot;}\">\n\t\t\t\t\t\t<div class=\"elementor-container elementor-column-gap-default\">\n\t\t\t\t\t<div class=\"elementor-column elementor-col-100 elementor-top-column elementor-element elementor-element-bc9ce08\" data-id=\"bc9ce08\" data-element_type=\"column\" data-e-type=\"column\">\n\t\t\t<div class=\"elementor-widget-wrap elementor-element-populated\">\n\t\t\t\t\t\t<div class=\"elementor-element elementor-element-034b0a0 elementor-widget elementor-widget-text-editor\" data-id=\"034b0a0\" data-element_type=\"widget\" data-e-type=\"widget\" data-widget_type=\"text-editor.default\">\n\t\t\t\t<div class=\"elementor-widget-container\">\n\t\t\t\t\t\t\t\t\t<p>Wir warnen Sie: Seien Sie bereit, den kompliziertesten Parkplatz der Stadt Stra\u00dfburg zu betreten!<\/p><p>Um zu unserem Parkplatz zu gelangen, geben <strong>Sie die folgende Adresse in Ihr GPS ein: 19 rue du Faubourg National \u2013 67000 Stra\u00dfburg<\/strong>.<\/p><p>Sie m\u00fcssen auf den Stra\u00dfenbahngleisen und auf dem Gehweg fahren, sonst ist die Zufahrt zum Parkplatz nicht m\u00f6glich!<\/p><p><strong>Obligatorische Reservierung vor der Ankunft<\/strong><\/p><p>Von der Autobahn A35 nehmen Sie die Ausfahrt \u201ePORTE BLANCHE\u201c, biegen links in die BLD de NANCY ab und fahren dann geradeaus bis zur Pizzeria \u201eLE PRINCE\u201c direkt an der Ecke der Stra\u00dfe.<\/p><p>Biegen Sie dann rechts in die Rue du FAUBOURG NATIONAL ab und fahren Sie geradeaus bis zur Kreuzung, wo die Stra\u00dfenbahn f\u00e4hrt. Sie sehen das Gesch\u00e4ft \u201eSTOCK AFFAIRES\u201c direkt vor Ihnen an der Ecke sowie ein Schild \u201esens interdit sauf riverain\u201c (Einbahnstra\u00dfe, nur f\u00fcr Anlieger frei).<\/p><p>Fahren Sie langsam in die Einbahnstra\u00dfe, auf der Seite des Fu\u00dfwegs, vorbei am BASIC FIT. Hinter dem BASIC FIT sehen Sie ein gro\u00dfes wei\u00dfes Tor mit der Aufschrift PARKING GARE.<\/p>\t\t\t\t\t\t\t\t<\/div>\n\t\t\t\t<\/div>\n\t\t\t\t<section class=\"elementor-section elementor-inner-section elementor-element elementor-element-b439fcb elementor-section-boxed elementor-section-height-default elementor-section-height-default\" data-id=\"b439fcb\" data-element_type=\"section\" data-e-type=\"section\">\n\t\t\t\t\t\t<div class=\"elementor-container elementor-column-gap-default\">\n\t\t\t\t\t<div class=\"elementor-column elementor-col-50 elementor-inner-column elementor-element elementor-element-1dfa603\" data-id=\"1dfa603\" data-element_type=\"column\" data-e-type=\"column\">\n\t\t\t<div class=\"elementor-widget-wrap elementor-element-populated\">\n\t\t\t\t\t\t<div class=\"elementor-element elementor-element-22caf03 elementor-widget elementor-widget-image\" data-id=\"22caf03\" data-element_type=\"widget\" data-e-type=\"widget\" data-widget_type=\"image.default\">\n\t\t\t\t<div class=\"elementor-widget-container\">\n\t\t\t\t\t\t\t\t\t\t\t\t\t\t\t<img fetchpriority=\"high\" decoding=\"async\" width=\"800\" height=\"1070\" src=\"https:\/\/www.clapclap-strasbourg.com\/wp-content\/uploads\/acces-parking\/hotel-clapclap-parking-centre-gare-strasbourg.webp\" class=\"attachment-full size-full wp-image-12699\" alt=\"Entr\u00e9e du Parking Centre Gare \u00e0 Strasbourg, proche de l&#039;H\u00f4tel ClapClap\" srcset=\"https:\/\/www.clapclap-strasbourg.com\/wp-content\/uploads\/acces-parking\/hotel-clapclap-parking-centre-gare-strasbourg.webp 800w, https:\/\/www.clapclap-strasbourg.com\/wp-content\/uploads\/acces-parking\/hotel-clapclap-parking-centre-gare-strasbourg-224x300.webp 224w, https:\/\/www.clapclap-strasbourg.com\/wp-content\/uploads\/acces-parking\/hotel-clapclap-parking-centre-gare-strasbourg-766x1024.webp 766w, https:\/\/www.clapclap-strasbourg.com\/wp-content\/uploads\/acces-parking\/hotel-clapclap-parking-centre-gare-strasbourg-768x1027.webp 768w\" sizes=\"(max-width: 800px) 100vw, 800px\" \/>\t\t\t\t\t\t\t\t\t\t\t\t\t\t\t<\/div>\n\t\t\t\t<\/div>\n\t\t\t\t\t<\/div>\n\t\t<\/div>\n\t\t\t\t<div class=\"elementor-column elementor-col-50 elementor-inner-column elementor-element elementor-element-1802091\" data-id=\"1802091\" data-element_type=\"column\" data-e-type=\"column\">\n\t\t\t<div class=\"elementor-widget-wrap elementor-element-populated\">\n\t\t\t\t\t\t<div class=\"elementor-element elementor-element-5baa7c7 elementor-widget elementor-widget-text-editor\" data-id=\"5baa7c7\" data-element_type=\"widget\" data-e-type=\"widget\" data-widget_type=\"text-editor.default\">\n\t\t\t\t<div class=\"elementor-widget-container\">\n\t\t\t\t\t\t\t\t\t<p><strong>Obligatorische Reservierung vor der Ankunft<\/strong><br \/>Rufen Sie im Hotel unter der Nummer <strong><span style=\"text-decoration: underline;\">+33 (0)3 88 32 14 54<\/span><\/strong> an, damit wir das Tor f\u00fcr Sie \u00f6ffnen. Teilen Sie uns beim Einchecken mit, in welchem Stellplatz Sie geparkt haben.<\/p><p>Sie k\u00f6nnen in den folgenden Stellpl\u00e4tzen parken:<\/p><p><span style=\"text-decoration: underline;\">-2. Untergeschoss: im Namen von Pax Hotell :<\/span> <b>06-07-08-09-10<\/b><br \/><span style=\"text-decoration: underline;\">Stellpl\u00e4tze :<\/span> <b>12-13-14-15-16-17.<\/b><\/p>\t\t\t\t\t\t\t\t<\/div>\n\t\t\t\t<\/div>\n\t\t\t\t<div class=\"elementor-element elementor-element-a758ce4 elementor-widget elementor-widget-image\" data-id=\"a758ce4\" data-element_type=\"widget\" data-e-type=\"widget\" data-widget_type=\"image.default\">\n\t\t\t\t<div class=\"elementor-widget-container\">\n\t\t\t\t\t\t\t\t\t\t\t\t\t\t\t<img decoding=\"async\" width=\"1064\" height=\"800\" src=\"https:\/\/www.clapclap-strasbourg.com\/wp-content\/uploads\/acces-parking\/hotel-clapclap-strasbourg-parking-centre-gare-strasbourg.webp\" class=\"attachment-full size-full wp-image-12693\" alt=\"Entr\u00e9e du Parking Centre Gare \u00e0 Strasbourg, proche de l&#039;H\u00f4tel ClapClap\" srcset=\"https:\/\/www.clapclap-strasbourg.com\/wp-content\/uploads\/acces-parking\/hotel-clapclap-strasbourg-parking-centre-gare-strasbourg.webp 1064w, https:\/\/www.clapclap-strasbourg.com\/wp-content\/uploads\/acces-parking\/hotel-clapclap-strasbourg-parking-centre-gare-strasbourg-300x226.webp 300w, https:\/\/www.clapclap-strasbourg.com\/wp-content\/uploads\/acces-parking\/hotel-clapclap-strasbourg-parking-centre-gare-strasbourg-1024x770.webp 1024w, https:\/\/www.clapclap-strasbourg.com\/wp-content\/uploads\/acces-parking\/hotel-clapclap-strasbourg-parking-centre-gare-strasbourg-768x577.webp 768w\" sizes=\"(max-width: 1064px) 100vw, 1064px\" \/>\t\t\t\t\t\t\t\t\t\t\t\t\t\t\t<\/div>\n\t\t\t\t<\/div>\n\t\t\t\t\t<\/div>\n\t\t<\/div>\n\t\t\t\t\t<\/div>\n\t\t<\/section>\n\t\t\t\t\t<\/div>\n\t\t<\/div>\n\t\t\t\t\t<\/div>\n\t\t<\/section>\n\t\t\t\t<section data-dce-background-image-url=\"https:\/\/www.clapclap-strasbourg.com\/wp-content\/uploads\/homepage\/clapclap-hotel-background.jpg\" class=\"elementor-section elementor-top-section elementor-element elementor-element-35bf7a9 elementor-section-full_width elementor-section-height-default elementor-section-height-default\" data-id=\"35bf7a9\" data-element_type=\"section\" data-e-type=\"section\" data-settings=\"{&quot;background_background&quot;:&quot;classic&quot;}\">\n\t\t\t\t\t\t<div class=\"elementor-container elementor-column-gap-no\">\n\t\t\t\t\t<div class=\"elementor-column elementor-col-50 elementor-top-column elementor-element elementor-element-83f3d6c\" data-id=\"83f3d6c\" data-element_type=\"column\" data-e-type=\"column\" data-settings=\"{&quot;background_background&quot;:&quot;slideshow&quot;,&quot;background_slideshow_gallery&quot;:[],&quot;background_slideshow_loop&quot;:&quot;yes&quot;,&quot;background_slideshow_slide_duration&quot;:5000,&quot;background_slideshow_slide_transition&quot;:&quot;fade&quot;,&quot;background_slideshow_transition_duration&quot;:500}\">\n\t\t\t<div class=\"elementor-widget-wrap elementor-element-populated\">\n\t\t\t\t\t\t<div class=\"elementor-element elementor-element-acc71e6 elementor-arrows-position-inside elementor-widget elementor-widget-image-carousel\" data-id=\"acc71e6\" data-element_type=\"widget\" data-e-type=\"widget\" data-settings=\"{&quot;slides_to_show&quot;:&quot;1&quot;,&quot;slides_to_show_mobile&quot;:&quot;1&quot;,&quot;navigation&quot;:&quot;arrows&quot;,&quot;autoplay&quot;:&quot;yes&quot;,&quot;pause_on_hover&quot;:&quot;yes&quot;,&quot;pause_on_interaction&quot;:&quot;yes&quot;,&quot;autoplay_speed&quot;:5000,&quot;infinite&quot;:&quot;yes&quot;,&quot;effect&quot;:&quot;slide&quot;,&quot;speed&quot;:500}\" data-widget_type=\"image-carousel.default\">\n\t\t\t\t<div class=\"elementor-widget-container\">\n\t\t\t\t\t\t\t<div class=\"elementor-image-carousel-wrapper swiper\" role=\"region\" aria-roledescription=\"carousel\" aria-label=\"Carrousel d\u2019images\" dir=\"ltr\">\n\t\t\t<div class=\"elementor-image-carousel swiper-wrapper\" aria-live=\"off\">\n\t\t\t\t\t\t\t\t<div class=\"swiper-slide\" role=\"group\" aria-roledescription=\"slide\" aria-label=\"1 von 3\"><a data-elementor-open-lightbox=\"yes\" data-elementor-lightbox-slideshow=\"acc71e6\" data-elementor-lightbox-title=\"Parking Niveau 1 - Clapclap Hotel Strasbourg\" data-e-action-hash=\"#elementor-action%3Aaction%3Dlightbox%26settings%3DeyJpZCI6ODA0NSwidXJsIjoiaHR0cHM6XC9cL3d3dy5jbGFwY2xhcC1zdHJhc2JvdXJnLmNvbVwvd3AtY29udGVudFwvdXBsb2Fkc1wvYWNjZXMtcGFya2luZ1wvcGFya2luZy1uaXZlYXUtMS1jbGFwY2xhcC1ob3RlbC5qcGciLCJzbGlkZXNob3ciOiJhY2M3MWU2In0%3D\" href=\"https:\/\/www.clapclap-strasbourg.com\/wp-content\/uploads\/acces-parking\/parking-niveau-1-clapclap-hotel.jpg\"><figure class=\"swiper-slide-inner\"><img decoding=\"async\" class=\"swiper-slide-image\" src=\"https:\/\/www.clapclap-strasbourg.com\/wp-content\/uploads\/acces-parking\/parking-niveau-1-clapclap-hotel.jpg\" alt=\"Parking Niveau 1 - Clapclap Hotel Strasbourg\" \/><\/figure><\/a><\/div><div class=\"swiper-slide\" role=\"group\" aria-roledescription=\"slide\" aria-label=\"2 von 3\"><a data-elementor-open-lightbox=\"yes\" data-elementor-lightbox-slideshow=\"acc71e6\" data-elementor-lightbox-title=\"Parking Sous sol - Clapclap Hotel\" data-e-action-hash=\"#elementor-action%3Aaction%3Dlightbox%26settings%3DeyJpZCI6ODA0MywidXJsIjoiaHR0cHM6XC9cL3d3dy5jbGFwY2xhcC1zdHJhc2JvdXJnLmNvbVwvd3AtY29udGVudFwvdXBsb2Fkc1wvYWNjZXMtcGFya2luZ1wvcGFya2luZy1zb3VzLXNvbC1jbGFwY2xhcC1ob3RlbC5qcGciLCJzbGlkZXNob3ciOiJhY2M3MWU2In0%3D\" href=\"https:\/\/www.clapclap-strasbourg.com\/wp-content\/uploads\/acces-parking\/parking-sous-sol-clapclap-hotel.jpg\"><figure class=\"swiper-slide-inner\"><img decoding=\"async\" class=\"swiper-slide-image\" src=\"https:\/\/www.clapclap-strasbourg.com\/wp-content\/uploads\/acces-parking\/parking-sous-sol-clapclap-hotel.jpg\" alt=\"Parking Sous sol - Clapclap Hotel\" \/><\/figure><\/a><\/div><div class=\"swiper-slide\" role=\"group\" aria-roledescription=\"slide\" aria-label=\"3 von 3\"><a data-elementor-open-lightbox=\"yes\" data-elementor-lightbox-slideshow=\"acc71e6\" data-elementor-lightbox-title=\"Parking Niveau 3 (A\u00e9rien) - Clapclap Hotel\" data-e-action-hash=\"#elementor-action%3Aaction%3Dlightbox%26settings%3DeyJpZCI6ODA0MSwidXJsIjoiaHR0cHM6XC9cL3d3dy5jbGFwY2xhcC1zdHJhc2JvdXJnLmNvbVwvd3AtY29udGVudFwvdXBsb2Fkc1wvYWNjZXMtcGFya2luZ1wvcGFya2luZy1uaXZlYXUtMy1hZXJpZW4tY2xhcGNsYXAtaG90ZWwuanBnIiwic2xpZGVzaG93IjoiYWNjNzFlNiJ9\" href=\"https:\/\/www.clapclap-strasbourg.com\/wp-content\/uploads\/acces-parking\/parking-niveau-3-aerien-clapclap-hotel.jpg\"><figure class=\"swiper-slide-inner\"><img decoding=\"async\" class=\"swiper-slide-image\" src=\"https:\/\/www.clapclap-strasbourg.com\/wp-content\/uploads\/acces-parking\/parking-niveau-3-aerien-clapclap-hotel.jpg\" alt=\"Parking Niveau 3 (A\u00e9rien) - Clapclap Hotel\" \/><\/figure><\/a><\/div>\t\t\t<\/div>\n\t\t\t\t\t\t\t\t\t\t\t\t<div class=\"elementor-swiper-button elementor-swiper-button-prev\" role=\"button\" tabindex=\"0\">\n\t\t\t\t\t\t<i aria-hidden=\"true\" class=\"eicon-chevron-left\"><\/i>\t\t\t\t\t<\/div>\n\t\t\t\t\t<div class=\"elementor-swiper-button elementor-swiper-button-next\" role=\"button\" tabindex=\"0\">\n\t\t\t\t\t\t<i aria-hidden=\"true\" class=\"eicon-chevron-right\"><\/i>\t\t\t\t\t<\/div>\n\t\t\t\t\n\t\t\t\t\t\t\t\t\t<\/div>\n\t\t\t\t\t\t<\/div>\n\t\t\t\t<\/div>\n\t\t\t\t\t<\/div>\n\t\t<\/div>\n\t\t\t\t<div class=\"elementor-column elementor-col-50 elementor-top-column elementor-element elementor-element-4e64b68\" data-id=\"4e64b68\" data-element_type=\"column\" data-e-type=\"column\" data-settings=\"{&quot;background_background&quot;:&quot;classic&quot;}\">\n\t\t\t<div class=\"elementor-widget-wrap elementor-element-populated\">\n\t\t\t\t\t\t<div class=\"elementor-element elementor-element-b9d5136 elementor-widget elementor-widget-google_maps\" data-id=\"b9d5136\" data-element_type=\"widget\" data-e-type=\"widget\" data-widget_type=\"google_maps.default\">\n\t\t\t\t<div class=\"elementor-widget-container\">\n\t\t\t\t\t\t\t<div class=\"elementor-custom-embed\">\n\t\t\t<iframe loading=\"lazy\"\n\t\t\t\t\tsrc=\"https:\/\/maps.google.com\/maps?q=24-26%20Rue%20du%20Faubourg%20National%2C%20Strasbourg&#038;t=m&#038;z=14&#038;output=embed&#038;iwloc=near\"\n\t\t\t\t\ttitle=\"24-26 Rue du Faubourg National, Strasbourg\"\n\t\t\t\t\taria-label=\"24-26 Rue du Faubourg National, Strasbourg\"\n\t\t\t><\/iframe>\n\t\t<\/div>\n\t\t\t\t\t\t<\/div>\n\t\t\t\t<\/div>\n\t\t\t\t\t<\/div>\n\t\t<\/div>\n\t\t\t\t\t<\/div>\n\t\t<\/section>\n\t\t\t\t<\/div>\n\t\t","protected":false},"excerpt":{"rendered":"<p>https:\/\/youtu.be\/a84An_bwtXA Wir warnen Sie: Seien Sie bereit, den kompliziertesten Parkplatz der Stadt Stra\u00dfburg zu betreten! Um zu unserem Parkplatz zu gelangen, geben Sie die folgende Adresse in Ihr GPS ein: 19 rue du Faubourg National \u2013 67000 Stra\u00dfburg. Sie m\u00fcssen auf den Stra\u00dfenbahngleisen und auf dem Gehweg fahren, sonst ist die Zufahrt zum Parkplatz nicht [&hellip;]<\/p>\n","protected":false},"author":1,"featured_media":8039,"parent":0,"menu_order":0,"comment_status":"closed","ping_status":"closed","template":"","meta":{"_acf_changed":false,"footnotes":""},"class_list":["post-9092","page","type-page","status-publish","has-post-thumbnail","hentry"],"acf":[],"_links":{"self":[{"href":"https:\/\/www.clapclap-strasbourg.com\/de\/wp-json\/wp\/v2\/pages\/9092","targetHints":{"allow":["GET"]}}],"collection":[{"href":"https:\/\/www.clapclap-strasbourg.com\/de\/wp-json\/wp\/v2\/pages"}],"about":[{"href":"https:\/\/www.clapclap-strasbourg.com\/de\/wp-json\/wp\/v2\/types\/page"}],"author":[{"embeddable":true,"href":"https:\/\/www.clapclap-strasbourg.com\/de\/wp-json\/wp\/v2\/users\/1"}],"replies":[{"embeddable":true,"href":"https:\/\/www.clapclap-strasbourg.com\/de\/wp-json\/wp\/v2\/comments?post=9092"}],"version-history":[{"count":7,"href":"https:\/\/www.clapclap-strasbourg.com\/de\/wp-json\/wp\/v2\/pages\/9092\/revisions"}],"predecessor-version":[{"id":12763,"href":"https:\/\/www.clapclap-strasbourg.com\/de\/wp-json\/wp\/v2\/pages\/9092\/revisions\/12763"}],"wp:featuredmedia":[{"embeddable":true,"href":"https:\/\/www.clapclap-strasbourg.com\/de\/wp-json\/wp\/v2\/media\/8039"}],"wp:attachment":[{"href":"https:\/\/www.clapclap-strasbourg.com\/de\/wp-json\/wp\/v2\/media?parent=9092"}],"curies":[{"name":"wp","href":"https:\/\/api.w.org\/{rel}","templated":true}]}}