{"id":9095,"date":"2023-06-27T08:17:19","date_gmt":"2023-06-27T08:17:19","guid":{"rendered":"https:\/\/www.clapclap-strasbourg.com\/faq-informations-utiles\/"},"modified":"2026-04-22T15:26:33","modified_gmt":"2026-04-22T15:26:33","slug":"faq-nuetzliche-informationen","status":"publish","type":"page","link":"https:\/\/www.clapclap-strasbourg.com\/de\/faq-nuetzliche-informationen\/","title":{"rendered":"FAQ &#8211; N\u00fctzliche Informationen"},"content":{"rendered":"\t\t<div data-elementor-type=\"wp-page\" data-elementor-id=\"9095\" class=\"elementor elementor-9095 elementor-7585\" data-elementor-post-type=\"page\">\n\t\t\t\t\t\t<section data-dce-background-image-url=\"https:\/\/www.clapclap-strasbourg.com\/wp-content\/uploads\/gallery\/hotel-clapclap-strasbourg-accueil-1.webp\" class=\"elementor-section elementor-top-section elementor-element elementor-element-e1b474e elementor-section-full_width elementor-section-height-min-height elementor-section-height-default elementor-section-items-middle\" data-id=\"e1b474e\" data-element_type=\"section\" data-e-type=\"section\" data-settings=\"{&quot;background_background&quot;:&quot;classic&quot;}\">\n\t\t\t\t\t\t\t<div class=\"elementor-background-overlay\"><\/div>\n\t\t\t\t\t\t\t<div class=\"elementor-container elementor-column-gap-no\">\n\t\t\t\t\t<div class=\"elementor-column elementor-col-100 elementor-top-column elementor-element elementor-element-9a26162\" data-id=\"9a26162\" data-element_type=\"column\" data-e-type=\"column\">\n\t\t\t<div class=\"elementor-widget-wrap elementor-element-populated\">\n\t\t\t\t\t\t<div data-dce-title-color=\"#FFFFFF\" class=\"elementor-element elementor-element-2ee072a elementor-widget elementor-widget-heading\" data-id=\"2ee072a\" data-element_type=\"widget\" data-e-type=\"widget\" data-widget_type=\"heading.default\">\n\t\t\t\t<div class=\"elementor-widget-container\">\n\t\t\t\t\t<span class=\"elementor-heading-title elementor-size-default\">FAQ &#8211; N\u00fctzliche Informationen<\/span>\t\t\t\t<\/div>\n\t\t\t\t<\/div>\n\t\t\t\t\t<\/div>\n\t\t<\/div>\n\t\t\t\t\t<\/div>\n\t\t<\/section>\n\t\t\t\t<section class=\"elementor-section elementor-top-section elementor-element elementor-element-0ef3932 elementor-section-boxed elementor-section-height-default elementor-section-height-default\" data-id=\"0ef3932\" data-element_type=\"section\" data-e-type=\"section\" data-settings=\"{&quot;background_background&quot;:&quot;classic&quot;}\">\n\t\t\t\t\t\t<div class=\"elementor-container elementor-column-gap-default\">\n\t\t\t\t\t<div class=\"elementor-column elementor-col-100 elementor-top-column elementor-element elementor-element-79499f9 mixit7-faq-accordion\" data-id=\"79499f9\" data-element_type=\"column\" data-e-type=\"column\">\n\t\t\t<div class=\"elementor-widget-wrap elementor-element-populated\">\n\t\t\t\t\t\t<div class=\"elementor-element elementor-element-0cd404c elementor-widget-mobile__width-initial elementor-widget elementor-widget-heading\" data-id=\"0cd404c\" data-element_type=\"widget\" data-e-type=\"widget\" data-widget_type=\"heading.default\">\n\t\t\t\t<div class=\"elementor-widget-container\">\n\t\t\t\t\t<h1 class=\"elementor-heading-title elementor-size-default\">Alles \u00fcber <span style=\"color:#DC4E57\">Ihren Aufenthalt im ClapClap<\/span><\/h1>\t\t\t\t<\/div>\n\t\t\t\t<\/div>\n\t\t\t\t<div class=\"elementor-element elementor-element-d07c2b8 elementor-widget-divider--view-line elementor-widget elementor-widget-divider\" data-id=\"d07c2b8\" data-element_type=\"widget\" data-e-type=\"widget\" data-widget_type=\"divider.default\">\n\t\t\t\t<div class=\"elementor-widget-container\">\n\t\t\t\t\t\t\t<div class=\"elementor-divider\">\n\t\t\t<span class=\"elementor-divider-separator\">\n\t\t\t\t\t\t<\/span>\n\t\t<\/div>\n\t\t\t\t\t\t<\/div>\n\t\t\t\t<\/div>\n\t\t\t\t<div class=\"elementor-element elementor-element-a101af2 elementor-widget elementor-widget-shortcode\" data-id=\"a101af2\" data-element_type=\"widget\" data-e-type=\"widget\" data-widget_type=\"shortcode.default\">\n\t\t\t\t<div class=\"elementor-widget-container\">\n\t\t\t\t\t\t\t<div class=\"elementor-shortcode\"><div class=\"mixit7-faq mixit7-faq-clapclap\" data-mode=\"first\" role=\"list\">\n\n            <h2 class=\"mixit7-faq-section-title\">Alles, was Sie sich nicht zu fragen trauten<\/h2>\n    \n    \n            <div class=\"mixit7-faq-category\">\n\n                \n                \n                    <div class=\"mixit7-faq-item is-open\" id=\"faq-ist-wlan-im-clapclap-hotel-kostenlos\" role=\"listitem\">\n                        <h2 class=\"mixit7-faq-question-heading\">                        <button\n                            class=\"mixit7-faq-question\"\n                            aria-expanded=\"true\"\n                            aria-controls=\"mixit7-faq-answer-13011\"\n                            type=\"button\"\n                        >\n                            Ist WLAN im ClapClap H\u00f4tel kostenlos?                            <span class=\"mixit7-faq-icon\" aria-hidden=\"true\"><\/span>\n                        <\/button>\n                        <\/h2>\n                        <div\n                            class=\"mixit7-faq-answer\"\n                            id=\"mixit7-faq-answer-13011\"\n                                                    >\n                            <div class=\"mixit7-faq-answer-inner\">\n                                <p>Ja, <strong>WLAN ist kostenlos<\/strong> im gesamten <strong>ClapClap H\u00f4tel<\/strong> - sowohl in den Zimmern als auch in den Gemeinschaftsbereichen. Mit <strong>8,7\/10<\/strong> auf Booking.com bewertet, ist die Verbindung ohne Aufpreis in allen Zimmerkategorien enthalten, vom Einzelzimmer bis zum Familienzimmer 7.<\/p>\n                                                            <\/div>\n                        <\/div>\n                    <\/div>\n\n                \n                    <div class=\"mixit7-faq-item\" id=\"faq-gibt-es-ein-parkhaus-im-clapclap-hotel-in-strasburg\" role=\"listitem\">\n                        <h2 class=\"mixit7-faq-question-heading\">                        <button\n                            class=\"mixit7-faq-question\"\n                            aria-expanded=\"false\"\n                            aria-controls=\"mixit7-faq-answer-13013\"\n                            type=\"button\"\n                        >\n                            Gibt es ein Parkhaus im ClapClap H\u00f4tel in Stra\u00dfburg?                            <span class=\"mixit7-faq-icon\" aria-hidden=\"true\"><\/span>\n                        <\/button>\n                        <\/h2>\n                        <div\n                            class=\"mixit7-faq-answer\"\n                            id=\"mixit7-faq-answer-13013\"\n                            hidden                        >\n                            <div class=\"mixit7-faq-answer-inner\">\n                                <p>Ja, das <strong>ClapClap H\u00f4tel<\/strong> verf\u00fcgt \u00fcber ein <strong>privates \u00fcberdachtes Parkhaus<\/strong>, zug\u00e4nglich von der rue du Faubourg National. Der Preis betr\u00e4gt ca. <strong>17 \u20ac\/Nacht<\/strong>. Eine <strong>Vorabreservierung ist erforderlich<\/strong> - die Zugangsinformationen werden per E-Mail nach der Buchung zugesandt. Bitte beachten: <strong>maximale Fahrzeugh\u00f6he 1,80 m<\/strong>. F\u00fcr G\u00e4ste, die mit \u00f6ffentlichen Verkehrsmitteln anreisen, befindet sich die Stra\u00dfenbahn (Linien B und F, Haltestelle Faubourg National) 200 m vom Hotel entfernt.<\/p>\n                                                            <\/div>\n                        <\/div>\n                    <\/div>\n\n                \n                    <div class=\"mixit7-faq-item\" id=\"faq-ist-das-clapclap-hotel-fur-gaste-mit-eingeschrankter-mobilitat-zuganglich\" role=\"listitem\">\n                        <h2 class=\"mixit7-faq-question-heading\">                        <button\n                            class=\"mixit7-faq-question\"\n                            aria-expanded=\"false\"\n                            aria-controls=\"mixit7-faq-answer-13017\"\n                            type=\"button\"\n                        >\n                            Ist das ClapClap H\u00f4tel f\u00fcr G\u00e4ste mit eingeschr\u00e4nkter Mobilit\u00e4t zug\u00e4nglich?                            <span class=\"mixit7-faq-icon\" aria-hidden=\"true\"><\/span>\n                        <\/button>\n                        <\/h2>\n                        <div\n                            class=\"mixit7-faq-answer\"\n                            id=\"mixit7-faq-answer-13017\"\n                            hidden                        >\n                            <div class=\"mixit7-faq-answer-inner\">\n                                <p>Ja, das <strong>ClapClap H\u00f4tel<\/strong> bietet <strong>4 barrierefreie Zimmer (PMR)<\/strong> und ist mit einem <strong>Aufzug<\/strong> ausgestattet, der die oberen Etagen bedient. <strong>Babybetten sind kostenlos auf Anfrage erh\u00e4ltlich<\/strong> (f\u00fcr Kinder von 0 bis 2 Jahren). Um die Zuweisung eines geeigneten Zimmers sicherzustellen, empfehlen wir, Ihre Anforderungen bei der Buchung anzugeben, per E-Mail an <strong>info@clapclap-strasbourg.com<\/strong> oder telefonisch unter <strong>+33 (0)3 88 32 14 54<\/strong>.<\/p>\n                                                            <\/div>\n                        <\/div>\n                    <\/div>\n\n                \n                    <div class=\"mixit7-faq-item\" id=\"faq-was-sind-die-check-in-und-check-out-zeiten-im-clapclap-hotel\" role=\"listitem\">\n                        <h2 class=\"mixit7-faq-question-heading\">                        <button\n                            class=\"mixit7-faq-question\"\n                            aria-expanded=\"false\"\n                            aria-controls=\"mixit7-faq-answer-13009\"\n                            type=\"button\"\n                        >\n                            Was sind die Check-in- und Check-out-Zeiten im ClapClap H\u00f4tel?                            <span class=\"mixit7-faq-icon\" aria-hidden=\"true\"><\/span>\n                        <\/button>\n                        <\/h2>\n                        <div\n                            class=\"mixit7-faq-answer\"\n                            id=\"mixit7-faq-answer-13009\"\n                            hidden                        >\n                            <div class=\"mixit7-faq-answer-inner\">\n                                <p>Der <strong>Check-in beginnt ab 15:00 Uhr<\/strong> und der <strong>Check-out ist bis 12:00 Uhr<\/strong> im <strong>ClapClap H\u00f4tel<\/strong>. Der Empfang ist <strong>24 Stunden am Tag<\/strong> ge\u00f6ffnet, was einen Empfang zu jeder Zeit - auch bei Sp\u00e4tankunft - gew\u00e4hrleistet. Ein <strong>privater Check-in und Check-out<\/strong> ist f\u00fcr mehr Komfort verf\u00fcgbar. Ein <strong>Early Check-in ist ab 50 \u20ac<\/strong> und ein <strong>Late Check-out f\u00fcr 35 \u20ac<\/strong> m\u00f6glich, beide vorbehaltlich Verf\u00fcgbarkeit. Ein Lichtbildausweis und eine Kreditkarte sind beim Check-in erforderlich; es empfiehlt sich, Ihre Ankunftszeit im Voraus mitzuteilen.<\/p>\n                                                            <\/div>\n                        <\/div>\n                    <\/div>\n\n                \n                    <div class=\"mixit7-faq-item\" id=\"faq-ist-das-clapclap-hotel-fur-familien-mit-kindern-geeignet\" role=\"listitem\">\n                        <h2 class=\"mixit7-faq-question-heading\">                        <button\n                            class=\"mixit7-faq-question\"\n                            aria-expanded=\"false\"\n                            aria-controls=\"mixit7-faq-answer-13019\"\n                            type=\"button\"\n                        >\n                            Ist das ClapClap H\u00f4tel f\u00fcr Familien mit Kindern geeignet?                            <span class=\"mixit7-faq-icon\" aria-hidden=\"true\"><\/span>\n                        <\/button>\n                        <\/h2>\n                        <div\n                            class=\"mixit7-faq-answer\"\n                            id=\"mixit7-faq-answer-13019\"\n                            hidden                        >\n                            <div class=\"mixit7-faq-answer-inner\">\n                                <p>Ja, das <strong>ClapClap H\u00f4tel<\/strong> hei\u00dft Familien mit Kindern jeden Alters willkommen. Das Haus bietet <strong>ger\u00e4umige Familienzimmer<\/strong> - das <strong>Familienzimmer 6<\/strong> (40-61 m\u00b2, bis zu 6 Personen) und das <strong>Familienzimmer 7<\/strong> (mind. 49 m\u00b2, bis zu 7 Personen) - sowie <strong>kostenlose Babybetten auf Anfrage<\/strong> (0-2 Jahre) und <strong>Zustellbetten<\/strong> in bestimmten Kategorien. Vor Ort unterhalten der <strong>Gesellschaftsspielraum<\/strong> und der <strong>Videospielraum<\/strong> die J\u00fcngsten, und ClapCoffee bietet den ganzen Tag leichte Speisen an.<\/p>\n                                                            <\/div>\n                        <\/div>\n                    <\/div>\n\n                \n                    <div class=\"mixit7-faq-item\" id=\"faq-ist-das-clapclap-hotel-vollstandig-nichtraucher\" role=\"listitem\">\n                        <h2 class=\"mixit7-faq-question-heading\">                        <button\n                            class=\"mixit7-faq-question\"\n                            aria-expanded=\"false\"\n                            aria-controls=\"mixit7-faq-answer-13021\"\n                            type=\"button\"\n                        >\n                            Ist das ClapClap H\u00f4tel vollst\u00e4ndig Nichtraucher?                            <span class=\"mixit7-faq-icon\" aria-hidden=\"true\"><\/span>\n                        <\/button>\n                        <\/h2>\n                        <div\n                            class=\"mixit7-faq-answer\"\n                            id=\"mixit7-faq-answer-13021\"\n                            hidden                        >\n                            <div class=\"mixit7-faq-answer-inner\">\n                                <p>Ja, das <strong>ClapClap H\u00f4tel ist vollst\u00e4ndig Nichtraucher<\/strong> - in den Zimmern wie auch in allen Innenbereichen. Ein <strong>ausgewiesener Au\u00dfenraucherbereich<\/strong> ist vorhanden. Dieses Engagement ist Teil des umweltbewussten Ansatzes des Hotels, zertifiziert durch das Label <strong>Green Key \/ Clef Verte<\/strong>.<\/p>\n                                                            <\/div>\n                        <\/div>\n                    <\/div>\n\n                \n                    <div class=\"mixit7-faq-item\" id=\"faq-ist-das-fruhstuck-im-clapclap-hotel-inbegriffen\" role=\"listitem\">\n                        <h2 class=\"mixit7-faq-question-heading\">                        <button\n                            class=\"mixit7-faq-question\"\n                            aria-expanded=\"false\"\n                            aria-controls=\"mixit7-faq-answer-13023\"\n                            type=\"button\"\n                        >\n                            Ist das Fr\u00fchst\u00fcck im ClapClap H\u00f4tel inbegriffen?                            <span class=\"mixit7-faq-icon\" aria-hidden=\"true\"><\/span>\n                        <\/button>\n                        <\/h2>\n                        <div\n                            class=\"mixit7-faq-answer\"\n                            id=\"mixit7-faq-answer-13023\"\n                            hidden                        >\n                            <div class=\"mixit7-faq-answer-inner\">\n                                <p>Das Fr\u00fchst\u00fcck ist <strong>in bestimmten Tarifen enthalten<\/strong> im <strong>ClapClap H\u00f4tel<\/strong>. Wenn es nicht inbegriffen ist, wird es als optionaler Zusatz f\u00fcr <strong>14 \u20ac pro Person<\/strong> in Form eines <strong>kontinentalen Buffets mit Take-away-Option<\/strong> angeboten. Das <strong>ClapCoffee<\/strong>, ein 130 m\u00b2 gro\u00dfes Coffee Shop, das den ganzen Tag ge\u00f6ffnet ist, bietet ebenfalls leichte Speisen den ganzen Tag f\u00fcr eine verl\u00e4ngerte Pause.<\/p>\n                                                            <\/div>\n                        <\/div>\n                    <\/div>\n\n                \n                    <div class=\"mixit7-faq-item\" id=\"faq-was-sind-die-stornierungsbedingungen-im-clapclap-hotel\" role=\"listitem\">\n                        <h2 class=\"mixit7-faq-question-heading\">                        <button\n                            class=\"mixit7-faq-question\"\n                            aria-expanded=\"false\"\n                            aria-controls=\"mixit7-faq-answer-13025\"\n                            type=\"button\"\n                        >\n                            Was sind die Stornierungsbedingungen im ClapClap H\u00f4tel?                            <span class=\"mixit7-faq-icon\" aria-hidden=\"true\"><\/span>\n                        <\/button>\n                        <\/h2>\n                        <div\n                            class=\"mixit7-faq-answer\"\n                            id=\"mixit7-faq-answer-13025\"\n                            hidden                        >\n                            <div class=\"mixit7-faq-answer-inner\">\n                                <p>Das <strong>ClapClap H\u00f4tel<\/strong> bietet bei der Buchung mehrere Tarifoptionen, darunter <strong>Tarife mit kostenloser Stornierung<\/strong> bis zu einem bestimmten Datum und <strong>nicht erstattungsf\u00e4hige Tarife<\/strong>, die in der Regel g\u00fcnstiger sind. Die genauen Bedingungen variieren je nach gew\u00e4hltem Tarif und werden beim Buchungsprozess auf der offiziellen Website <strong>www.clapclap-strasbourg.com<\/strong> oder Partnerplattformen klar angegeben.<\/p>\n                                                            <\/div>\n                        <\/div>\n                    <\/div>\n\n                \n                    <div class=\"mixit7-faq-item\" id=\"faq-welche-zahlungsmethoden-werden-im-clapclap-hotel-akzeptiert\" role=\"listitem\">\n                        <h2 class=\"mixit7-faq-question-heading\">                        <button\n                            class=\"mixit7-faq-question\"\n                            aria-expanded=\"false\"\n                            aria-controls=\"mixit7-faq-answer-13027\"\n                            type=\"button\"\n                        >\n                            Welche Zahlungsmethoden werden im ClapClap H\u00f4tel akzeptiert?                            <span class=\"mixit7-faq-icon\" aria-hidden=\"true\"><\/span>\n                        <\/button>\n                        <\/h2>\n                        <div\n                            class=\"mixit7-faq-answer\"\n                            id=\"mixit7-faq-answer-13027\"\n                            hidden                        >\n                            <div class=\"mixit7-faq-answer-inner\">\n                                <p>Das <strong>ClapClap H\u00f4tel<\/strong> akzeptiert folgende Zahlungsmittel: <strong>American Express, Visa, Mastercard und Bargeld<\/strong>. Eine <strong>Kreditkarte ist beim Check-in erforderlich<\/strong>, auf den Namen des Reservierungsinhabers. Bei Fragen zur Bezahlung Ihres Aufenthalts ist der Empfang <strong>24 Stunden am Tag<\/strong> unter <strong>+33 (0)3 88 32 14 54<\/strong> oder <strong>info@clapclap-strasbourg.com<\/strong> erreichbar.<\/p>\n                                                            <\/div>\n                        <\/div>\n                    <\/div>\n\n                \n                    <div class=\"mixit7-faq-item\" id=\"faq-bietet-das-clapclap-hotel-besondere-konditionen-fur-gruppen\" role=\"listitem\">\n                        <h2 class=\"mixit7-faq-question-heading\">                        <button\n                            class=\"mixit7-faq-question\"\n                            aria-expanded=\"false\"\n                            aria-controls=\"mixit7-faq-answer-13029\"\n                            type=\"button\"\n                        >\n                            Bietet das ClapClap H\u00f4tel besondere Konditionen f\u00fcr Gruppen?                            <span class=\"mixit7-faq-icon\" aria-hidden=\"true\"><\/span>\n                        <\/button>\n                        <\/h2>\n                        <div\n                            class=\"mixit7-faq-answer\"\n                            id=\"mixit7-faq-answer-13029\"\n                            hidden                        >\n                            <div class=\"mixit7-faq-answer-inner\">\n                                <p>Ja, das <strong>ClapClap H\u00f4tel<\/strong> wendet <strong>besondere Konditionen ab 4 Zimmern<\/strong> an. F\u00fcr gr\u00f6\u00dfere Gruppen bietet das Hotel auch die Exklusivmiete des <strong>ClapShow<\/strong> (bis zu 100 Personen) sowie geeignete Veranstaltungsr\u00e4ume. Bitte kontaktieren Sie das Team direkt unter <strong>+33 (0)3 88 32 14 54<\/strong> oder <strong>info@clapclap-strasbourg.com<\/strong> f\u00fcr ein individuelles Angebot.<\/p>\n                                                            <\/div>\n                        <\/div>\n                    <\/div>\n\n                \n                    <div class=\"mixit7-faq-item\" id=\"faq-sind-haustiere-im-clapclap-hotel-erlaubt\" role=\"listitem\">\n                        <h2 class=\"mixit7-faq-question-heading\">                        <button\n                            class=\"mixit7-faq-question\"\n                            aria-expanded=\"false\"\n                            aria-controls=\"mixit7-faq-answer-13015\"\n                            type=\"button\"\n                        >\n                            Sind Haustiere im ClapClap H\u00f4tel erlaubt?                            <span class=\"mixit7-faq-icon\" aria-hidden=\"true\"><\/span>\n                        <\/button>\n                        <\/h2>\n                        <div\n                            class=\"mixit7-faq-answer\"\n                            id=\"mixit7-faq-answer-13015\"\n                            hidden                        >\n                            <div class=\"mixit7-faq-answer-inner\">\n                                <p>Ja, <strong>Hunde sind willkommen<\/strong> im <strong>ClapClap H\u00f4tel<\/strong>, gegen einen Aufpreis von <strong>15 \u20ac pro Nacht und Tier<\/strong>. <strong>Tiern\u00e4pfe stehen zur Verf\u00fcgung<\/strong>. F\u00fcr alle Anfragen rund um den Aufenthalt Ihres Tieres empfehlen wir, dies bei der Buchung anzugeben oder das Hotel im Voraus unter <strong>info@clapclap-strasbourg.com<\/strong> oder <strong>+33 (0)3 88 32 14 54<\/strong> zu kontaktieren.<\/p>\n                                                            <\/div>\n                        <\/div>\n                    <\/div>\n\n                \n            <\/div><!-- .mixit7-faq-category -->\n\n        \n<\/div><!-- .mixit7-faq -->\n<\/div>\n\t\t\t\t\t\t<\/div>\n\t\t\t\t<\/div>\n\t\t\t\t\t<\/div>\n\t\t<\/div>\n\t\t\t\t\t<\/div>\n\t\t<\/section>\n\t\t\t\t<\/div>\n\t\t","protected":false},"excerpt":{"rendered":"<p>Alles \u00fcber Ihren Aufenthalt im ClapClap<\/p>\n","protected":false},"author":1,"featured_media":0,"parent":0,"menu_order":0,"comment_status":"closed","ping_status":"closed","template":"","meta":{"_acf_changed":false,"footnotes":""},"class_list":["post-9095","page","type-page","status-publish","hentry"],"acf":[],"_links":{"self":[{"href":"https:\/\/www.clapclap-strasbourg.com\/de\/wp-json\/wp\/v2\/pages\/9095","targetHints":{"allow":["GET"]}}],"collection":[{"href":"https:\/\/www.clapclap-strasbourg.com\/de\/wp-json\/wp\/v2\/pages"}],"about":[{"href":"https:\/\/www.clapclap-strasbourg.com\/de\/wp-json\/wp\/v2\/types\/page"}],"author":[{"embeddable":true,"href":"https:\/\/www.clapclap-strasbourg.com\/de\/wp-json\/wp\/v2\/users\/1"}],"replies":[{"embeddable":true,"href":"https:\/\/www.clapclap-strasbourg.com\/de\/wp-json\/wp\/v2\/comments?post=9095"}],"version-history":[{"count":43,"href":"https:\/\/www.clapclap-strasbourg.com\/de\/wp-json\/wp\/v2\/pages\/9095\/revisions"}],"predecessor-version":[{"id":14644,"href":"https:\/\/www.clapclap-strasbourg.com\/de\/wp-json\/wp\/v2\/pages\/9095\/revisions\/14644"}],"wp:attachment":[{"href":"https:\/\/www.clapclap-strasbourg.com\/de\/wp-json\/wp\/v2\/media?parent=9095"}],"curies":[{"name":"wp","href":"https:\/\/api.w.org\/{rel}","templated":true}]}}