{"id":9447,"date":"2022-07-29T22:09:10","date_gmt":"2022-07-29T22:09:10","guid":{"rendered":"https:\/\/www.clapclap-strasbourg.com\/politique-de-confidentialite\/"},"modified":"2026-04-23T11:31:13","modified_gmt":"2026-04-23T11:31:13","slug":"datenschutzrichtlinie","status":"publish","type":"page","link":"https:\/\/www.clapclap-strasbourg.com\/de\/datenschutzrichtlinie\/","title":{"rendered":"Datenschutzrichtlinie"},"content":{"rendered":"\t\t<div data-elementor-type=\"wp-page\" data-elementor-id=\"9447\" class=\"elementor elementor-9447 elementor-4039\" data-elementor-post-type=\"page\">\n\t\t\t\t\t\t<section data-dce-background-image-url=\"https:\/\/www.clapclap-strasbourg.com\/wp-content\/uploads\/chambres\/clapclap-hotel-strasbourg-1.jpg\" class=\"elementor-section elementor-top-section elementor-element elementor-element-2303431 elementor-section-full_width elementor-section-height-min-height elementor-section-height-default elementor-section-items-middle\" data-id=\"2303431\" data-element_type=\"section\" data-e-type=\"section\" data-settings=\"{&quot;background_background&quot;:&quot;classic&quot;}\">\n\t\t\t\t\t\t\t<div class=\"elementor-background-overlay\"><\/div>\n\t\t\t\t\t\t\t<div class=\"elementor-container elementor-column-gap-no\">\n\t\t\t\t\t<div class=\"elementor-column elementor-col-100 elementor-top-column elementor-element elementor-element-58dd4ef\" data-id=\"58dd4ef\" data-element_type=\"column\" data-e-type=\"column\">\n\t\t\t<div class=\"elementor-widget-wrap elementor-element-populated\">\n\t\t\t\t\t\t<div data-dce-title-color=\"#FFFFFF\" class=\"elementor-element elementor-element-f73b351 elementor-widget elementor-widget-heading\" data-id=\"f73b351\" data-element_type=\"widget\" data-e-type=\"widget\" data-widget_type=\"heading.default\">\n\t\t\t\t<div class=\"elementor-widget-container\">\n\t\t\t\t\t<span class=\"elementor-heading-title elementor-size-default\">Datenschutzrichtlinie<\/span>\t\t\t\t<\/div>\n\t\t\t\t<\/div>\n\t\t\t\t\t<\/div>\n\t\t<\/div>\n\t\t\t\t\t<\/div>\n\t\t<\/section>\n\t\t\t\t<section class=\"elementor-section elementor-top-section elementor-element elementor-element-0fbc7c0 elementor-section-boxed elementor-section-height-default elementor-section-height-default\" data-id=\"0fbc7c0\" data-element_type=\"section\" data-e-type=\"section\">\n\t\t\t\t\t\t<div class=\"elementor-container elementor-column-gap-default\">\n\t\t\t\t\t<div class=\"elementor-column elementor-col-100 elementor-top-column elementor-element elementor-element-a712b59\" data-id=\"a712b59\" data-element_type=\"column\" data-e-type=\"column\">\n\t\t\t<div class=\"elementor-widget-wrap elementor-element-populated\">\n\t\t\t\t\t\t<div class=\"elementor-element elementor-element-1e18d3e elementor-widget elementor-widget-heading\" data-id=\"1e18d3e\" data-element_type=\"widget\" data-e-type=\"widget\" data-widget_type=\"heading.default\">\n\t\t\t\t<div class=\"elementor-widget-container\">\n\t\t\t\t\t<h1 class=\"elementor-heading-title elementor-size-default\">Datenschutzrichtlinie\n - ClapClap Hotel Stra\u00dfburg<\/h1>\t\t\t\t<\/div>\n\t\t\t\t<\/div>\n\t\t\t\t<div data-dce-text-color=\"#000000\" class=\"elementor-element elementor-element-4f4123c hcs-article-content elementor-widget__width-initial elementor-widget elementor-widget-text-editor\" data-id=\"4f4123c\" data-element_type=\"widget\" data-e-type=\"widget\" data-widget_type=\"text-editor.default\">\n\t\t\t\t<div class=\"elementor-widget-container\">\n\t\t\t\t\t\t\t\t\t<p><strong>G\u00fcltigkeitsdatum:<\/strong> 2022-08-01<\/p><p><strong>Letzte Aktualisierung:<\/strong> 2022-08-01<\/p><p>Diese Datenschutzrichtlinie erl\u00e4utert die Richtlinien von HOTEL RESTAURANT PAX bez\u00fcglich der Erhebung und Nutzung von Informationen, die wir erfassen, wenn Sie auf https:\/\/www.clapclap-strasbourg.com\/ zugreifen (der \u201eDienst\u201c). Diese Datenschutzrichtlinie beschreibt Ihre Datenschutzrechte und wie Sie durch Datenschutzgesetze gesch\u00fctzt sind.<\/p><p>Durch die Nutzung unseres Dienstes stimmen Sie der Erhebung und Nutzung Ihrer Informationen gem\u00e4\u00df dieser Datenschutzrichtlinie zu. Bitte greifen Sie nicht auf unseren Dienst zu und nutzen Sie ihn nicht, wenn Sie der Erhebung und Nutzung Ihrer Daten gem\u00e4\u00df dieser Datenschutzrichtlinie nicht zustimmen.<\/p><p>HOTEL RESTAURANT PAX ist berechtigt, diese Datenschutzrichtlinie jederzeit zu \u00e4ndern, auch ohne vorherige Ank\u00fcndigung.<\/p><p>HOTEL RESTAURANT PAX wird die \u00fcberarbeitete Datenschutzrichtlinie auf der Website https:\/\/www.clapclap-strasbourg.com\/ ver\u00f6ffentlichen.<\/p><h2>Erhebung und Nutzung Ihrer personenbezogenen Daten<\/h2><h3>Informationen, die wir erheben<\/h3><p>Wenn Sie unseren Dienst nutzen, werden Sie aufgefordert, personenbezogene Daten anzugeben, die zur Kontaktaufnahme oder Identifizierung verwendet werden. https:\/\/www.clapclap-strasbourg.com\/ erhebt folgende Informationen :<\/p><ul><li>Nutzungsdaten<\/li><li>Name<\/li><li>E-Mail<\/li><li>Mobiltelefonnummer<\/li><\/ul><p>Nutzungsdaten umfassen Folgendes :<\/p><ul><li>IP-Adresse der auf die Website zugreifenden Computer<\/li><li>Webseitenanfragen<\/li><li>verweisende Webseiten<\/li><li>verwendeter Browser<\/li><li>Datum und Uhrzeit des Zugriffs<\/li><\/ul><h3>Wie wir Informationen sammeln<\/h3><p>https:\/\/www.clapclap-strasbourg.com\/ erhebt und erh\u00e4lt Informationen von Ihnen auf folgende Weise :<\/p><ul><li>Wenn Sie ein Formular ausf\u00fcllen oder anderweitig personenbezogene Daten \u00fcbermitteln.<\/li><li>Wenn Sie mit unserem Dienst interagieren.<\/li><\/ul><p>Ihre Daten werden bis zu 180 Tag(e) nach L\u00f6schung Ihres Kontos gespeichert. Ihre Daten k\u00f6nnen f\u00fcr Berichts- oder Archivierungszwecke l\u00e4nger gespeichert werden, sofern dies gesetzlich zul\u00e4ssig ist. Nicht personenbezogene Daten k\u00f6nnen unbegrenzt gespeichert werden.<\/p><h3>Wie wir Ihre Daten verwenden<\/h3><p>https:\/\/www.clapclap-strasbourg.com\/ kann Ihre Daten f\u00fcr folgende Zwecke verwenden :<\/p><ul><li><b>Bereitstellung und Betrieb unseres Dienstes,<\/b> sowie \u00dcberwachung der Nutzung unseres Dienstes.<\/li><li><b>Kontaktaufnahme.<\/b> HOTEL RESTAURANT PAX kann Sie per E-Mail, Telefon, SMS oder andere elektronische Kommunikationsmittel kontaktieren, wenn dies f\u00fcr Funktionen, Produkte, Dienstleistungen oder Sicherheitsupdates erforderlich oder angemessen ist.<\/li><li><b>Informationen bereitstellen<\/b> mit Neuigkeiten, allgemeinen Informationen, Sonderangeboten, neuen Dienstleistungen und Veranstaltungen.<\/li><\/ul><h3>Wie wir Ihre Daten weitergeben<\/h3><p>HOTEL RESTAURANT PAX gibt Ihre Daten gegebenenfalls in folgenden Situationen weiter :<\/p><ul><li><b>Mit Ihrer Zustimmung.<\/b> HOTEL RESTAURANT PAX gibt Ihre Daten zu jedem Zweck mit Ihrer ausdr\u00fccklichen Zustimmung weiter.<\/li><\/ul><h3>Weitergabe an Dritte<\/h3><p>Ihre Daten k\u00f6nnen aus folgenden Gr\u00fcnden offengelegt werden :<\/p><ul><li>Einhaltung geltender Gesetze, Vorschriften oder Gerichtsbeschl\u00fcsse.<\/li><li>Beantwortung von Anspr\u00fcchen, dass Ihre Nutzung unseres Dienstes Rechte Dritter verletzt.<\/li><li>Durchsetzung von Vereinbarungen, die Sie mit uns geschlossen haben, einschlie\u00dflich dieser Datenschutzrichtlinie.<\/li><\/ul><h3>Cookies<\/h3><p>Cookies sind kleine Textdateien, die von besuchten Websites auf Ihrem Computer gespeichert werden. Websites verwenden Cookies, um Benutzern eine effiziente Navigation zu erm\u00f6glichen und bestimmte Funktionen auszuf\u00fchren. Cookies, die f\u00fcr das ordnungsgem\u00e4\u00dfe Funktionieren der Website erforderlich sind, k\u00f6nnen ohne Ihre Zustimmung installiert werden. Alle anderen Cookies m\u00fcssen vor der Installation im Browser genehmigt werden.<\/p><ul><li><b>Unbedingt erforderliche Cookies.<\/b> Diese erm\u00f6glichen grundlegende Funktionen wie Benutzeranmeldung und Kontoverwaltung.<\/li><li><b>Leistungs-Cookies.<\/b> Diese werden zur Analyse der Nutzung der Website verwendet.<\/li><li><b>Targeting-Cookies.<\/b> Diese dienen zur Identifikation von Besuchern \u00fcber verschiedene Websites hinweg.<\/li><li><b>Funktions-Cookies.<\/b> Diese speichern Benutzerinformationen wie Sprache oder Zeitzone.<\/li><\/ul><div class=\"cookie-report-container\"><p data-cookiereport=\"true\">Sie k\u00f6nnen Ihre Einwilligung zur Cookie-Nutzung unten \u00e4ndern.<\/p><p><script type=\"text\/javascript\" charset=\"UTF-8\" data-cookiescriptreport=\"report\" data-cs-lang=\"fr\" src=\"\/\/report.cookie-script.com\/r\/c704b8fb569b028a523e68980878c5d5.js\">\n            <\/script><\/p><\/div><h3>Sicherheit<\/h3><p>Die Sicherheit Ihrer Daten ist uns wichtig. https:\/\/www.clapclap-strasbourg.com\/ verwendet verschiedene Sicherheitsma\u00dfnahmen, um Missbrauch, Verlust oder Ver\u00e4nderung der von Ihnen bereitgestellten Informationen zu verhindern. Da wir jedoch keine absolute Sicherheit garantieren k\u00f6nnen, erfolgt die Nutzung unseres Dienstes auf eigenes Risiko.<\/p><p>HOTEL RESTAURANT PAX ist nicht verantwortlich f\u00fcr die Leistung oder Inhalte von Websites Dritter.<\/p><h3>Kontakt<\/h3><p>Bei Fragen kontaktieren Sie uns bitte \u00fcber folgende Wege :<\/p><p><strong>Name :<\/strong> HOTEL RESTAURANT PAX<\/p><p><strong>Adresse :<\/strong> 26 rue de Faubourg National, 67000 Strasbourg, Frankreich<\/p><p><strong>E-Mail : <a href=\"mailto:info@clapclap-strasbourg.com\">info@clapclap-strasbourg.com<\/a><\/strong><\/p><p><strong>Website :<\/strong> https:\/\/www.clapclap-strasbourg.com\/<\/p><p><strong>Telefon : <a href=\"tel:+33388321454\">+33 (0)3 88 32 14 54<\/a><\/strong><\/p><p>Bei Fragen zum Datenschutz k\u00f6nnen Sie unseren Datenschutzbeauftragten Nicolas Barsotti kontaktieren : <a href=\"mailto:direction@clapclap-strasbourg.com\"><strong>direction@clapclap-strasbourg.com<\/strong><\/a>.<\/p>\t\t\t\t\t\t\t\t<\/div>\n\t\t\t\t<\/div>\n\t\t\t\t\t<\/div>\n\t\t<\/div>\n\t\t\t\t\t<\/div>\n\t\t<\/section>\n\t\t\t\t<\/div>\n\t\t","protected":false},"excerpt":{"rendered":"<p>Datenschutzrichtlinie &#8211; ClapClap Hotel Stra\u00dfburg G\u00fcltigkeitsdatum: 2022-08-01 Letzte Aktualisierung: 2022-08-01 Diese Datenschutzrichtlinie erl\u00e4utert die Richtlinien von HOTEL RESTAURANT PAX bez\u00fcglich der Erhebung und Nutzung von Informationen, die wir erfassen, wenn Sie auf https:\/\/www.clapclap-strasbourg.com\/ zugreifen (der \u201eDienst\u201c). Diese Datenschutzrichtlinie beschreibt Ihre Datenschutzrechte und wie Sie durch Datenschutzgesetze gesch\u00fctzt sind. Durch die Nutzung unseres Dienstes stimmen Sie [&hellip;]<\/p>\n","protected":false},"author":1,"featured_media":8793,"parent":0,"menu_order":0,"comment_status":"closed","ping_status":"closed","template":"","meta":{"_acf_changed":false,"footnotes":""},"class_list":["post-9447","page","type-page","status-publish","has-post-thumbnail","hentry"],"acf":[],"_links":{"self":[{"href":"https:\/\/www.clapclap-strasbourg.com\/de\/wp-json\/wp\/v2\/pages\/9447","targetHints":{"allow":["GET"]}}],"collection":[{"href":"https:\/\/www.clapclap-strasbourg.com\/de\/wp-json\/wp\/v2\/pages"}],"about":[{"href":"https:\/\/www.clapclap-strasbourg.com\/de\/wp-json\/wp\/v2\/types\/page"}],"author":[{"embeddable":true,"href":"https:\/\/www.clapclap-strasbourg.com\/de\/wp-json\/wp\/v2\/users\/1"}],"replies":[{"embeddable":true,"href":"https:\/\/www.clapclap-strasbourg.com\/de\/wp-json\/wp\/v2\/comments?post=9447"}],"version-history":[{"count":3,"href":"https:\/\/www.clapclap-strasbourg.com\/de\/wp-json\/wp\/v2\/pages\/9447\/revisions"}],"predecessor-version":[{"id":14791,"href":"https:\/\/www.clapclap-strasbourg.com\/de\/wp-json\/wp\/v2\/pages\/9447\/revisions\/14791"}],"wp:featuredmedia":[{"embeddable":true,"href":"https:\/\/www.clapclap-strasbourg.com\/de\/wp-json\/wp\/v2\/media\/8793"}],"wp:attachment":[{"href":"https:\/\/www.clapclap-strasbourg.com\/de\/wp-json\/wp\/v2\/media?parent=9447"}],"curies":[{"name":"wp","href":"https:\/\/api.w.org\/{rel}","templated":true}]}}