{"id":9785,"date":"2023-10-30T08:26:02","date_gmt":"2023-10-30T08:26:02","guid":{"rendered":"https:\/\/www.clapclap-strasbourg.com\/plan-du-site\/"},"modified":"2026-04-22T14:49:53","modified_gmt":"2026-04-22T14:49:53","slug":"sitemap","status":"publish","type":"page","link":"https:\/\/www.clapclap-strasbourg.com\/de\/sitemap\/","title":{"rendered":"Sitemap"},"content":{"rendered":"\t\t<div data-elementor-type=\"wp-page\" data-elementor-id=\"9785\" class=\"elementor elementor-9785 elementor-9741\" data-elementor-post-type=\"page\">\n\t\t\t\t\t\t<section data-dce-background-image-url=\"https:\/\/www.clapclap-strasbourg.com\/wp-content\/uploads\/homepage\/clap-rooms\/image-bg\/chambre-star-clapclap-hotel-strasbourg.jpg\" class=\"elementor-section elementor-top-section elementor-element elementor-element-de60e1d elementor-section-full_width elementor-section-height-min-height elementor-section-height-default elementor-section-items-middle\" data-id=\"de60e1d\" data-element_type=\"section\" data-e-type=\"section\" data-settings=\"{&quot;background_background&quot;:&quot;classic&quot;}\">\n\t\t\t\t\t\t\t<div class=\"elementor-background-overlay\"><\/div>\n\t\t\t\t\t\t\t<div class=\"elementor-container elementor-column-gap-default\">\n\t\t\t\t\t<div class=\"elementor-column elementor-col-100 elementor-top-column elementor-element elementor-element-973d169\" data-id=\"973d169\" data-element_type=\"column\" data-e-type=\"column\">\n\t\t\t<div class=\"elementor-widget-wrap elementor-element-populated\">\n\t\t\t\t\t\t\t<\/div>\n\t\t<\/div>\n\t\t\t\t\t<\/div>\n\t\t<\/section>\n\t\t\t\t<section class=\"elementor-section elementor-top-section elementor-element elementor-element-2d40928 elementor-section-boxed elementor-section-height-default elementor-section-height-default\" data-id=\"2d40928\" data-element_type=\"section\" data-e-type=\"section\">\n\t\t\t\t\t\t<div class=\"elementor-container elementor-column-gap-default\">\n\t\t\t\t\t<div class=\"elementor-column elementor-col-100 elementor-top-column elementor-element elementor-element-f66b657 sitemap-links-container\" data-id=\"f66b657\" data-element_type=\"column\" data-e-type=\"column\">\n\t\t\t<div class=\"elementor-widget-wrap elementor-element-populated\">\n\t\t\t\t\t\t<div class=\"elementor-element elementor-element-9c62813 elementor-widget elementor-widget-heading\" data-id=\"9c62813\" data-element_type=\"widget\" data-e-type=\"widget\" data-widget_type=\"heading.default\">\n\t\t\t\t<div class=\"elementor-widget-container\">\n\t\t\t\t\t<h1 class=\"elementor-heading-title elementor-size-default\">Seiten\u00fcbersicht \u2013 ClapClap Hotel Strasbourg<\/h1>\t\t\t\t<\/div>\n\t\t\t\t<\/div>\n\t\t\t\t<div class=\"elementor-element elementor-element-f8da3ba elementor-widget elementor-widget-sitemap\" data-id=\"f8da3ba\" data-element_type=\"widget\" data-e-type=\"widget\" data-widget_type=\"sitemap.default\">\n\t\t\t\t<div class=\"elementor-widget-container\">\n\t\t\t\t\t<div class=\"elementor-sitemap-wrap\"><div class=\"elementor-sitemap-section\"><h2 class=\"elementor-sitemap-title elementor-sitemap-page-title\">Seiten<\/h2><ul class=\"elementor-sitemap-list elementor-sitemap-page-list\"><li class=\"elementor-sitemap-item elementor-sitemap-item-page page_item page-item-9070\"><a href=\"https:\/\/www.clapclap-strasbourg.com\/de\/\">Startseite<\/a><\/li><li class=\"elementor-sitemap-item elementor-sitemap-item-page page_item page-item-9072\"><a href=\"https:\/\/www.clapclap-strasbourg.com\/de\/zimmer\/\">Zimmer<\/a><\/li><li class=\"elementor-sitemap-item elementor-sitemap-item-page page_item page-item-9075\"><a href=\"https:\/\/www.clapclap-strasbourg.com\/de\/clapshow\/\">ClapShow<\/a><\/li><li class=\"elementor-sitemap-item elementor-sitemap-item-page page_item page-item-9077\"><a href=\"https:\/\/www.clapclap-strasbourg.com\/de\/clap-coffee\/\">Clap Coffee<\/a><\/li><li class=\"elementor-sitemap-item elementor-sitemap-item-page page_item page-item-9080\"><a href=\"https:\/\/www.clapclap-strasbourg.com\/de\/events\/\">Events<\/a><\/li><li class=\"elementor-sitemap-item elementor-sitemap-item-page page_item page-item-9087\"><a href=\"https:\/\/www.clapclap-strasbourg.com\/de\/fotogalerie\/\">Fotogalerie<\/a><\/li><li class=\"elementor-sitemap-item elementor-sitemap-item-page page_item page-item-9092\"><a href=\"https:\/\/www.clapclap-strasbourg.com\/de\/anfahrt-parken\/\">Anfahrt &#038; Parken<\/a><\/li><li class=\"elementor-sitemap-item elementor-sitemap-item-page page_item page-item-9089\"><a href=\"https:\/\/www.clapclap-strasbourg.com\/de\/kontakt\/\">Kontakt<\/a><\/li><li class=\"elementor-sitemap-item elementor-sitemap-item-page page_item page-item-9083\"><a href=\"https:\/\/www.clapclap-strasbourg.com\/de\/tagungen\/\">Tagungen<\/a><\/li><li class=\"elementor-sitemap-item elementor-sitemap-item-page page_item page-item-9352\"><a href=\"https:\/\/www.clapclap-strasbourg.com\/de\/rechtliche-hinweise\/\">Rechtliche Hinweise<\/a><\/li><li class=\"elementor-sitemap-item elementor-sitemap-item-page page_item page-item-9447\"><a href=\"https:\/\/www.clapclap-strasbourg.com\/de\/datenschutzrichtlinie\/\">Datenschutzrichtlinie<\/a><\/li><li class=\"elementor-sitemap-item elementor-sitemap-item-page page_item page-item-10206\"><a href=\"https:\/\/www.clapclap-strasbourg.com\/de\/zimmer-fuer-alleinreisende-oder-duo\/\">Zimmer f\u00fcr Alleinreisende oder Duo<\/a><\/li><li class=\"elementor-sitemap-item elementor-sitemap-item-page page_item page-item-10208\"><a href=\"https:\/\/www.clapclap-strasbourg.com\/de\/zimmer-fuer-reisen-mit-freunden-oder-familie-in-strassburg\/\">Zimmer f\u00fcr Reisen mit Freunden oder Familie in Stra\u00dfburg<\/a><\/li><li class=\"elementor-sitemap-item elementor-sitemap-item-page page_item page-item-10207\"><a href=\"https:\/\/www.clapclap-strasbourg.com\/de\/zimmer-fuer-stammesreise\/\">Zimmer f\u00fcr Stammesreise<\/a><\/li><li class=\"elementor-sitemap-item elementor-sitemap-item-page page_item page-item-9095\"><a href=\"https:\/\/www.clapclap-strasbourg.com\/de\/faq-nuetzliche-informationen\/\">FAQ &#8211; N\u00fctzliche Informationen<\/a><\/li><li class=\"elementor-sitemap-item elementor-sitemap-item-page page_item page-item-9461\"><a href=\"https:\/\/www.clapclap-strasbourg.com\/de\/allgemeine-geschaeftsbedingungen\/\">Allgemeine gesch\u00e4ftsbedingungen<\/a><\/li><li class=\"elementor-sitemap-item elementor-sitemap-item-page page_item page-item-13271\"><a href=\"https:\/\/www.clapclap-strasbourg.com\/de\/blog\/\">Blog<\/a><\/li><\/ul><\/div><\/div>\t\t\t\t<\/div>\n\t\t\t\t<\/div>\n\t\t\t\t<div class=\"elementor-element elementor-element-c77ede3 elementor-widget elementor-widget-sitemap\" data-id=\"c77ede3\" data-element_type=\"widget\" data-e-type=\"widget\" data-widget_type=\"sitemap.default\">\n\t\t\t\t<div class=\"elementor-widget-container\">\n\t\t\t\t\t<div class=\"elementor-sitemap-wrap\"><div class=\"elementor-sitemap-section\"><h2 class=\"elementor-sitemap-title elementor-sitemap-clap-rooms-title\">Clap rooms<\/h2><ul class=\"elementor-sitemap-list elementor-sitemap-clap-rooms-list\"><li class=\"elementor-sitemap-item elementor-sitemap-item-clap-rooms page_item page-item-9221\"><a href=\"https:\/\/www.clapclap-strasbourg.com\/de\/clap-rooms\/familienzimmer-7\/\">Familienzimmer 7<\/a><\/li><li class=\"elementor-sitemap-item elementor-sitemap-item-clap-rooms page_item page-item-9222\"><a href=\"https:\/\/www.clapclap-strasbourg.com\/de\/clap-rooms\/familienzimmer-6\/\">Familienzimmer 6<\/a><\/li><li class=\"elementor-sitemap-item elementor-sitemap-item-clap-rooms page_item page-item-9245\"><a href=\"https:\/\/www.clapclap-strasbourg.com\/de\/clap-rooms\/vierbettzimmer\/\">Vierbettzimmer<\/a><\/li><li class=\"elementor-sitemap-item elementor-sitemap-item-clap-rooms page_item page-item-9243\"><a href=\"https:\/\/www.clapclap-strasbourg.com\/de\/clap-rooms\/dreibettzimmer\/\">Dreibettzimmer<\/a><\/li><li class=\"elementor-sitemap-item elementor-sitemap-item-clap-rooms page_item page-item-9241\"><a href=\"https:\/\/www.clapclap-strasbourg.com\/de\/clap-rooms\/superior-doppelzimmer\/\">Superior-Doppelzimmer<\/a><\/li><li class=\"elementor-sitemap-item elementor-sitemap-item-clap-rooms page_item page-item-9240\"><a href=\"https:\/\/www.clapclap-strasbourg.com\/de\/clap-rooms\/standard-doppelzimmer\/\">Standard-Doppelzimmer<\/a><\/li><li class=\"elementor-sitemap-item elementor-sitemap-item-clap-rooms page_item page-item-9229\"><a href=\"https:\/\/www.clapclap-strasbourg.com\/de\/clap-rooms\/einzelzimmer\/\">Einzelzimmer<\/a><\/li><\/ul><\/div><\/div>\t\t\t\t<\/div>\n\t\t\t\t<\/div>\n\t\t\t\t<div class=\"elementor-element elementor-element-f9b87e5 elementor-widget elementor-widget-sitemap\" data-id=\"f9b87e5\" data-element_type=\"widget\" data-e-type=\"widget\" data-widget_type=\"sitemap.default\">\n\t\t\t\t<div class=\"elementor-widget-container\">\n\t\t\t\t\t<div class=\"elementor-sitemap-wrap\"><div class=\"elementor-sitemap-section\"><h2 class=\"elementor-sitemap-title elementor-sitemap-clapevents-title\">Clap events<\/h2><ul class=\"elementor-sitemap-list elementor-sitemap-clapevents-list\"><li class=\"elementor-sitemap-item elementor-sitemap-item-clapevents page_item page-item-9191\"><a href=\"https:\/\/www.clapclap-strasbourg.com\/de\/clapevents\/improvisationsshow\/\">Improvisationsshow<\/a><\/li><li class=\"elementor-sitemap-item elementor-sitemap-item-clapevents page_item page-item-9193\"><a href=\"https:\/\/www.clapclap-strasbourg.com\/de\/clapevents\/jam-sessions\/\">ClapClap Hotel \u2013 Jam Sessions in Stra\u00dfburg<\/a><\/li><li class=\"elementor-sitemap-item elementor-sitemap-item-clapevents page_item page-item-9195\"><a href=\"https:\/\/www.clapclap-strasbourg.com\/de\/clapevents\/mario-kart-turnier\/\">Mario Kart-Turnier<\/a><\/li><li class=\"elementor-sitemap-item elementor-sitemap-item-clapevents page_item page-item-9197\"><a href=\"https:\/\/www.clapclap-strasbourg.com\/de\/clapevents\/modenschau-we-spark\/\">Modenschau von We Spark!<\/a><\/li><\/ul><\/div><\/div>\t\t\t\t<\/div>\n\t\t\t\t<\/div>\n\t\t\t\t<div class=\"elementor-element elementor-element-126eb89 elementor-widget elementor-widget-sitemap\" data-id=\"126eb89\" data-element_type=\"widget\" data-e-type=\"widget\" data-widget_type=\"sitemap.default\">\n\t\t\t\t<div class=\"elementor-widget-container\">\n\t\t\t\t\t<div class=\"elementor-sitemap-wrap\"><div class=\"elementor-sitemap-section\"><h2 class=\"elementor-sitemap-title elementor-sitemap-post-title\">Blog<\/h2><ul class=\"elementor-sitemap-list elementor-sitemap-post-list\"><li class=\"elementor-sitemap-item elementor-sitemap-item-post page_item page-item-13369\"><a href=\"https:\/\/www.clapclap-strasbourg.com\/de\/wochenende-zu-zweit-strassburg-clapclap-hotel\/\">Ein Wochenende zu zweit in Stra\u00dfburg: St\u00e4dteabenteuer im ClapClap H\u00f4tel<\/a><\/li><li class=\"elementor-sitemap-item elementor-sitemap-item-post page_item page-item-13265\"><a href=\"https:\/\/www.clapclap-strasbourg.com\/de\/weihnachten-in-strassburg\/\">Die Festtage in Stra\u00dfburg: Erleben Sie den Zauber vom ClapClap Hotel aus<\/a><\/li><li class=\"elementor-sitemap-item elementor-sitemap-item-post page_item page-item-13257\"><a href=\"https:\/\/www.clapclap-strasbourg.com\/de\/hotel-strassburger-innenstadt\/\">Hotel Stra\u00dfburg Zentrum: \u00dcbernachten Sie im Herzen der els\u00e4ssischen Hauptstadt<\/a><\/li><\/ul><\/div><\/div>\t\t\t\t<\/div>\n\t\t\t\t<\/div>\n\t\t\t\t\t<\/div>\n\t\t<\/div>\n\t\t\t\t\t<\/div>\n\t\t<\/section>\n\t\t\t\t<\/div>\n\t\t","protected":false},"excerpt":{"rendered":"<p>Seiten\u00fcbersicht \u2013 ClapClap Hotel Strasbourg<\/p>\n","protected":false},"author":5,"featured_media":0,"parent":0,"menu_order":0,"comment_status":"closed","ping_status":"closed","template":"","meta":{"_acf_changed":false,"footnotes":""},"class_list":["post-9785","page","type-page","status-publish","hentry"],"acf":[],"_links":{"self":[{"href":"https:\/\/www.clapclap-strasbourg.com\/de\/wp-json\/wp\/v2\/pages\/9785","targetHints":{"allow":["GET"]}}],"collection":[{"href":"https:\/\/www.clapclap-strasbourg.com\/de\/wp-json\/wp\/v2\/pages"}],"about":[{"href":"https:\/\/www.clapclap-strasbourg.com\/de\/wp-json\/wp\/v2\/types\/page"}],"author":[{"embeddable":true,"href":"https:\/\/www.clapclap-strasbourg.com\/de\/wp-json\/wp\/v2\/users\/5"}],"replies":[{"embeddable":true,"href":"https:\/\/www.clapclap-strasbourg.com\/de\/wp-json\/wp\/v2\/comments?post=9785"}],"version-history":[{"count":18,"href":"https:\/\/www.clapclap-strasbourg.com\/de\/wp-json\/wp\/v2\/pages\/9785\/revisions"}],"predecessor-version":[{"id":14574,"href":"https:\/\/www.clapclap-strasbourg.com\/de\/wp-json\/wp\/v2\/pages\/9785\/revisions\/14574"}],"wp:attachment":[{"href":"https:\/\/www.clapclap-strasbourg.com\/de\/wp-json\/wp\/v2\/media?parent=9785"}],"curies":[{"name":"wp","href":"https:\/\/api.w.org\/{rel}","templated":true}]}}