{"id":8835,"date":"2022-04-21T14:48:32","date_gmt":"2022-04-21T14:48:32","guid":{"rendered":"https:\/\/www.clapclap-strasbourg.com\/acces-parking\/"},"modified":"2026-04-23T09:04:56","modified_gmt":"2026-04-23T09:04:56","slug":"access-parking","status":"publish","type":"page","link":"https:\/\/www.clapclap-strasbourg.com\/en\/access-parking\/","title":{"rendered":"Access &#038; parking"},"content":{"rendered":"\t\t<div data-elementor-type=\"wp-page\" data-elementor-id=\"8835\" class=\"elementor elementor-8835 elementor-97\" data-elementor-post-type=\"page\">\n\t\t\t\t\t\t<section data-dce-background-image-url=\"https:\/\/www.clapclap-strasbourg.com\/wp-content\/uploads\/acces-parking\/acces-parking-clapclap-hotel-strasbourg.webp\" class=\"elementor-section elementor-top-section elementor-element elementor-element-22d9dca elementor-section-full_width elementor-section-height-min-height elementor-section-height-default elementor-section-items-middle\" data-id=\"22d9dca\" data-element_type=\"section\" data-e-type=\"section\" data-settings=\"{&quot;background_background&quot;:&quot;classic&quot;}\">\n\t\t\t\t\t\t\t<div class=\"elementor-background-overlay\"><\/div>\n\t\t\t\t\t\t\t<div class=\"elementor-container elementor-column-gap-no\">\n\t\t\t\t\t<div class=\"elementor-column elementor-col-100 elementor-top-column elementor-element elementor-element-acf877e\" data-id=\"acf877e\" data-element_type=\"column\" data-e-type=\"column\">\n\t\t\t<div class=\"elementor-widget-wrap elementor-element-populated\">\n\t\t\t\t\t\t<div data-dce-title-color=\"#FFFFFF\" class=\"elementor-element elementor-element-a601bc5 elementor-widget elementor-widget-heading\" data-id=\"a601bc5\" data-element_type=\"widget\" data-e-type=\"widget\" data-widget_type=\"heading.default\">\n\t\t\t\t<div class=\"elementor-widget-container\">\n\t\t\t\t\t<h1 class=\"elementor-heading-title elementor-size-default\">Access &#038; parking<\/h1>\t\t\t\t<\/div>\n\t\t\t\t<\/div>\n\t\t\t\t\t<\/div>\n\t\t<\/div>\n\t\t\t\t\t<\/div>\n\t\t<\/section>\n\t\t\t\t<section class=\"elementor-section elementor-top-section elementor-element elementor-element-a4e735f elementor-section-boxed elementor-section-height-default elementor-section-height-default\" data-id=\"a4e735f\" data-element_type=\"section\" data-e-type=\"section\" data-settings=\"{&quot;background_background&quot;:&quot;classic&quot;}\">\n\t\t\t\t\t\t<div class=\"elementor-container elementor-column-gap-default\">\n\t\t\t\t\t<div class=\"elementor-column elementor-col-100 elementor-top-column elementor-element elementor-element-fd9a977\" data-id=\"fd9a977\" data-element_type=\"column\" data-e-type=\"column\">\n\t\t\t<div class=\"elementor-widget-wrap elementor-element-populated\">\n\t\t\t\t\t\t<section class=\"elementor-section elementor-inner-section elementor-element elementor-element-f36f946 elementor-section-boxed elementor-section-height-default elementor-section-height-default\" data-id=\"f36f946\" data-element_type=\"section\" data-e-type=\"section\" data-settings=\"{&quot;background_background&quot;:&quot;classic&quot;}\">\n\t\t\t\t\t\t<div class=\"elementor-container elementor-column-gap-default\">\n\t\t\t\t\t<div class=\"elementor-column elementor-col-100 elementor-inner-column elementor-element elementor-element-0f54d44\" data-id=\"0f54d44\" data-element_type=\"column\" data-e-type=\"column\">\n\t\t\t<div class=\"elementor-widget-wrap elementor-element-populated\">\n\t\t\t\t\t\t<div class=\"elementor-element elementor-element-8ff6fd3 elementor-widget elementor-widget-video\" data-id=\"8ff6fd3\" data-element_type=\"widget\" data-e-type=\"widget\" data-settings=\"{&quot;youtube_url&quot;:&quot;https:\\\/\\\/youtu.be\\\/jSk4tFYZlso&quot;,&quot;start&quot;:0,&quot;autoplay&quot;:&quot;yes&quot;,&quot;play_on_mobile&quot;:&quot;yes&quot;,&quot;mute&quot;:&quot;yes&quot;,&quot;yt_privacy&quot;:&quot;yes&quot;,&quot;lazy_load&quot;:&quot;yes&quot;,&quot;video_type&quot;:&quot;youtube&quot;,&quot;controls&quot;:&quot;yes&quot;}\" data-widget_type=\"video.default\">\n\t\t\t\t<div class=\"elementor-widget-container\">\n\t\t\t\t\t\t\t<div class=\"elementor-wrapper elementor-open-inline\">\n\t\t\t<div class=\"elementor-video\"><\/div>\t\t<\/div>\n\t\t\t\t\t\t<\/div>\n\t\t\t\t<\/div>\n\t\t\t\t\t<\/div>\n\t\t<\/div>\n\t\t\t\t\t<\/div>\n\t\t<\/section>\n\t\t\t\t\t<\/div>\n\t\t<\/div>\n\t\t\t\t\t<\/div>\n\t\t<\/section>\n\t\t\t\t<section class=\"elementor-section elementor-top-section elementor-element elementor-element-52a225c elementor-section-boxed elementor-section-height-default elementor-section-height-default\" data-id=\"52a225c\" data-element_type=\"section\" data-e-type=\"section\" data-settings=\"{&quot;background_background&quot;:&quot;classic&quot;}\">\n\t\t\t\t\t\t<div class=\"elementor-container elementor-column-gap-default\">\n\t\t\t\t\t<div class=\"elementor-column elementor-col-100 elementor-top-column elementor-element elementor-element-bc9ce08\" data-id=\"bc9ce08\" data-element_type=\"column\" data-e-type=\"column\">\n\t\t\t<div class=\"elementor-widget-wrap elementor-element-populated\">\n\t\t\t\t\t\t<div class=\"elementor-element elementor-element-034b0a0 elementor-widget elementor-widget-text-editor\" data-id=\"034b0a0\" data-element_type=\"widget\" data-e-type=\"widget\" data-widget_type=\"text-editor.default\">\n\t\t\t\t<div class=\"elementor-widget-container\">\n\t\t\t\t\t\t\t\t\t<p>Warning!\u00a0 Be prepared to access the most complicated parking in the city of Strasbourg!<\/p><p>To access our car park, <strong>add the following address to your GPS: 19 rue du Faubourg National \u2013 67000 Strasbourg<\/strong>.<\/p><p>You will have to drive on the tram tracks and on the sidewalk, otherwise you will not be able to access the parking lot!<\/p><p><strong>Booking is mandatory before arrival<\/strong><\/p><p>From the A35 motorway, take the &#8220;Porte Blanche&#8221; exit, turn left onto Boulevard de Nancy, then continue straight ahead until you reach the &#8220;Le Prince&#8221; pizzeria right on the corner of the street.<\/p><p>Then turn right, Rue du FAUBOURG NATIONAL, go straight on to the intersection where the tram line passes. You will see the store \u201cSTOCK AFFAIRES\u201d just opposite you on the corner, and a sign \u201csens interdit sauf riverain\u201d (no entry except residents).<\/p><p>You can take this road, proceeding slowly alongside the promenade, then go straight until you see BASIC FIT, after which you will see a large white gateway marked PARKING GARE.<\/p>\t\t\t\t\t\t\t\t<\/div>\n\t\t\t\t<\/div>\n\t\t\t\t<section class=\"elementor-section elementor-inner-section elementor-element elementor-element-b439fcb elementor-section-boxed elementor-section-height-default elementor-section-height-default\" data-id=\"b439fcb\" data-element_type=\"section\" data-e-type=\"section\">\n\t\t\t\t\t\t<div class=\"elementor-container elementor-column-gap-default\">\n\t\t\t\t\t<div class=\"elementor-column elementor-col-50 elementor-inner-column elementor-element elementor-element-1dfa603\" data-id=\"1dfa603\" data-element_type=\"column\" data-e-type=\"column\">\n\t\t\t<div class=\"elementor-widget-wrap elementor-element-populated\">\n\t\t\t\t\t\t<div class=\"elementor-element elementor-element-22caf03 elementor-widget elementor-widget-image\" data-id=\"22caf03\" data-element_type=\"widget\" data-e-type=\"widget\" data-widget_type=\"image.default\">\n\t\t\t\t<div class=\"elementor-widget-container\">\n\t\t\t\t\t\t\t\t\t\t\t\t\t\t\t<img fetchpriority=\"high\" decoding=\"async\" width=\"800\" height=\"1070\" src=\"https:\/\/www.clapclap-strasbourg.com\/wp-content\/uploads\/acces-parking\/hotel-clapclap-parking-centre-gare-strasbourg.webp\" class=\"attachment-full size-full wp-image-12698\" alt=\"Entr\u00e9e du Parking Centre Gare \u00e0 Strasbourg, proche de l&#039;H\u00f4tel ClapClap\" srcset=\"https:\/\/www.clapclap-strasbourg.com\/wp-content\/uploads\/acces-parking\/hotel-clapclap-parking-centre-gare-strasbourg.webp 800w, https:\/\/www.clapclap-strasbourg.com\/wp-content\/uploads\/acces-parking\/hotel-clapclap-parking-centre-gare-strasbourg-224x300.webp 224w, https:\/\/www.clapclap-strasbourg.com\/wp-content\/uploads\/acces-parking\/hotel-clapclap-parking-centre-gare-strasbourg-766x1024.webp 766w, https:\/\/www.clapclap-strasbourg.com\/wp-content\/uploads\/acces-parking\/hotel-clapclap-parking-centre-gare-strasbourg-768x1027.webp 768w\" sizes=\"(max-width: 800px) 100vw, 800px\" \/>\t\t\t\t\t\t\t\t\t\t\t\t\t\t\t<\/div>\n\t\t\t\t<\/div>\n\t\t\t\t\t<\/div>\n\t\t<\/div>\n\t\t\t\t<div class=\"elementor-column elementor-col-50 elementor-inner-column elementor-element elementor-element-1802091\" data-id=\"1802091\" data-element_type=\"column\" data-e-type=\"column\">\n\t\t\t<div class=\"elementor-widget-wrap elementor-element-populated\">\n\t\t\t\t\t\t<div class=\"elementor-element elementor-element-5baa7c7 elementor-widget elementor-widget-text-editor\" data-id=\"5baa7c7\" data-element_type=\"widget\" data-e-type=\"widget\" data-widget_type=\"text-editor.default\">\n\t\t\t\t<div class=\"elementor-widget-container\">\n\t\t\t\t\t\t\t\t\t<p><strong>Booking essential before arrival<\/strong><br \/>You need to call the hotel on <a href=\"tel:+33388321454\"><span style=\"color: #dc4e57;\"><strong>+33 (0)3 88 32 14 54<\/strong> <\/span><\/a>for the gate to be opened, and tell us your parking place when you check in.<\/p><p>Please park in one of the following spaces:<\/p><p><span style=\"text-decoration: underline;\">-2nd level underground : in the name of Pax Hotel :<\/span> <b>06-07-08-09-10<\/b><br \/><span style=\"text-decoration: underline;\">Spaces :<\/span> <b>12-13-14-15-16-17.<\/b><\/p>\t\t\t\t\t\t\t\t<\/div>\n\t\t\t\t<\/div>\n\t\t\t\t<div class=\"elementor-element elementor-element-a758ce4 elementor-widget elementor-widget-image\" data-id=\"a758ce4\" data-element_type=\"widget\" data-e-type=\"widget\" data-widget_type=\"image.default\">\n\t\t\t\t<div class=\"elementor-widget-container\">\n\t\t\t\t\t\t\t\t\t\t\t\t\t\t\t<img decoding=\"async\" width=\"1064\" height=\"800\" src=\"https:\/\/www.clapclap-strasbourg.com\/wp-content\/uploads\/acces-parking\/hotel-clapclap-strasbourg-parking-centre-gare-strasbourg.webp\" class=\"attachment-full size-full wp-image-12692\" alt=\"Entr\u00e9e du Parking Centre Gare \u00e0 Strasbourg, proche de l&#039;H\u00f4tel ClapClap\" srcset=\"https:\/\/www.clapclap-strasbourg.com\/wp-content\/uploads\/acces-parking\/hotel-clapclap-strasbourg-parking-centre-gare-strasbourg.webp 1064w, https:\/\/www.clapclap-strasbourg.com\/wp-content\/uploads\/acces-parking\/hotel-clapclap-strasbourg-parking-centre-gare-strasbourg-300x226.webp 300w, https:\/\/www.clapclap-strasbourg.com\/wp-content\/uploads\/acces-parking\/hotel-clapclap-strasbourg-parking-centre-gare-strasbourg-1024x770.webp 1024w, https:\/\/www.clapclap-strasbourg.com\/wp-content\/uploads\/acces-parking\/hotel-clapclap-strasbourg-parking-centre-gare-strasbourg-768x577.webp 768w\" sizes=\"(max-width: 1064px) 100vw, 1064px\" \/>\t\t\t\t\t\t\t\t\t\t\t\t\t\t\t<\/div>\n\t\t\t\t<\/div>\n\t\t\t\t\t<\/div>\n\t\t<\/div>\n\t\t\t\t\t<\/div>\n\t\t<\/section>\n\t\t\t\t\t<\/div>\n\t\t<\/div>\n\t\t\t\t\t<\/div>\n\t\t<\/section>\n\t\t\t\t<section class=\"elementor-section elementor-top-section elementor-element elementor-element-35bf7a9 elementor-section-full_width elementor-section-height-default elementor-section-height-default\" data-id=\"35bf7a9\" data-element_type=\"section\" data-e-type=\"section\" data-settings=\"{&quot;background_background&quot;:&quot;classic&quot;}\">\n\t\t\t\t\t\t<div class=\"elementor-container elementor-column-gap-no\">\n\t\t\t\t\t<div class=\"elementor-column elementor-col-50 elementor-top-column elementor-element elementor-element-83f3d6c\" data-id=\"83f3d6c\" data-element_type=\"column\" data-e-type=\"column\" data-settings=\"{&quot;background_background&quot;:&quot;slideshow&quot;,&quot;background_slideshow_gallery&quot;:[],&quot;background_slideshow_loop&quot;:&quot;yes&quot;,&quot;background_slideshow_slide_duration&quot;:5000,&quot;background_slideshow_slide_transition&quot;:&quot;fade&quot;,&quot;background_slideshow_transition_duration&quot;:500}\">\n\t\t\t<div class=\"elementor-widget-wrap elementor-element-populated\">\n\t\t\t\t\t\t<div class=\"elementor-element elementor-element-acc71e6 elementor-arrows-position-inside elementor-widget elementor-widget-image-carousel\" data-id=\"acc71e6\" data-element_type=\"widget\" data-e-type=\"widget\" data-settings=\"{&quot;slides_to_show&quot;:&quot;1&quot;,&quot;slides_to_show_mobile&quot;:&quot;1&quot;,&quot;navigation&quot;:&quot;arrows&quot;,&quot;autoplay&quot;:&quot;yes&quot;,&quot;pause_on_hover&quot;:&quot;yes&quot;,&quot;pause_on_interaction&quot;:&quot;yes&quot;,&quot;autoplay_speed&quot;:5000,&quot;infinite&quot;:&quot;yes&quot;,&quot;effect&quot;:&quot;slide&quot;,&quot;speed&quot;:500}\" data-widget_type=\"image-carousel.default\">\n\t\t\t\t<div class=\"elementor-widget-container\">\n\t\t\t\t\t\t\t<div class=\"elementor-image-carousel-wrapper swiper\" role=\"region\" aria-roledescription=\"carousel\" aria-label=\"Carrousel d\u2019images\" dir=\"ltr\">\n\t\t\t<div class=\"elementor-image-carousel swiper-wrapper\" aria-live=\"off\">\n\t\t\t\t\t\t\t\t<div class=\"swiper-slide\" role=\"group\" aria-roledescription=\"slide\" aria-label=\"1 of 3\"><a data-elementor-open-lightbox=\"yes\" data-elementor-lightbox-slideshow=\"acc71e6\" data-elementor-lightbox-title=\"Parking Niveau 1 - Clapclap Hotel Strasbourg\" data-e-action-hash=\"#elementor-action%3Aaction%3Dlightbox%26settings%3DeyJpZCI6ODA0NCwidXJsIjoiaHR0cHM6XC9cL3d3dy5jbGFwY2xhcC1zdHJhc2JvdXJnLmNvbVwvd3AtY29udGVudFwvdXBsb2Fkc1wvYWNjZXMtcGFya2luZ1wvcGFya2luZy1uaXZlYXUtMS1jbGFwY2xhcC1ob3RlbC5qcGciLCJzbGlkZXNob3ciOiJhY2M3MWU2In0%3D\" href=\"https:\/\/www.clapclap-strasbourg.com\/wp-content\/uploads\/acces-parking\/parking-niveau-1-clapclap-hotel.jpg\"><figure class=\"swiper-slide-inner\"><img decoding=\"async\" class=\"swiper-slide-image\" src=\"https:\/\/www.clapclap-strasbourg.com\/wp-content\/uploads\/acces-parking\/parking-niveau-1-clapclap-hotel.jpg\" alt=\"Parking Niveau 1 - Clapclap Hotel Strasbourg\" \/><\/figure><\/a><\/div><div class=\"swiper-slide\" role=\"group\" aria-roledescription=\"slide\" aria-label=\"2 of 3\"><a data-elementor-open-lightbox=\"yes\" data-elementor-lightbox-slideshow=\"acc71e6\" data-elementor-lightbox-title=\"Parking Sous sol - Clapclap Hotel\" data-e-action-hash=\"#elementor-action%3Aaction%3Dlightbox%26settings%3DeyJpZCI6ODA0MiwidXJsIjoiaHR0cHM6XC9cL3d3dy5jbGFwY2xhcC1zdHJhc2JvdXJnLmNvbVwvd3AtY29udGVudFwvdXBsb2Fkc1wvYWNjZXMtcGFya2luZ1wvcGFya2luZy1zb3VzLXNvbC1jbGFwY2xhcC1ob3RlbC5qcGciLCJzbGlkZXNob3ciOiJhY2M3MWU2In0%3D\" href=\"https:\/\/www.clapclap-strasbourg.com\/wp-content\/uploads\/acces-parking\/parking-sous-sol-clapclap-hotel.jpg\"><figure class=\"swiper-slide-inner\"><img decoding=\"async\" class=\"swiper-slide-image\" src=\"https:\/\/www.clapclap-strasbourg.com\/wp-content\/uploads\/acces-parking\/parking-sous-sol-clapclap-hotel.jpg\" alt=\"Parking Sous sol - Clapclap Hotel\" \/><\/figure><\/a><\/div><div class=\"swiper-slide\" role=\"group\" aria-roledescription=\"slide\" aria-label=\"3 of 3\"><a data-elementor-open-lightbox=\"yes\" data-elementor-lightbox-slideshow=\"acc71e6\" data-elementor-lightbox-title=\"Parking Niveau 3 (A\u00e9rien) - Clapclap Hotel\" data-e-action-hash=\"#elementor-action%3Aaction%3Dlightbox%26settings%3DeyJpZCI6ODA0MCwidXJsIjoiaHR0cHM6XC9cL3d3dy5jbGFwY2xhcC1zdHJhc2JvdXJnLmNvbVwvd3AtY29udGVudFwvdXBsb2Fkc1wvYWNjZXMtcGFya2luZ1wvcGFya2luZy1uaXZlYXUtMy1hZXJpZW4tY2xhcGNsYXAtaG90ZWwuanBnIiwic2xpZGVzaG93IjoiYWNjNzFlNiJ9\" href=\"https:\/\/www.clapclap-strasbourg.com\/wp-content\/uploads\/acces-parking\/parking-niveau-3-aerien-clapclap-hotel.jpg\"><figure class=\"swiper-slide-inner\"><img decoding=\"async\" class=\"swiper-slide-image\" src=\"https:\/\/www.clapclap-strasbourg.com\/wp-content\/uploads\/acces-parking\/parking-niveau-3-aerien-clapclap-hotel.jpg\" alt=\"Parking Niveau 3 (A\u00e9rien) - Clapclap Hotel\" \/><\/figure><\/a><\/div>\t\t\t<\/div>\n\t\t\t\t\t\t\t\t\t\t\t\t<div class=\"elementor-swiper-button elementor-swiper-button-prev\" role=\"button\" tabindex=\"0\">\n\t\t\t\t\t\t<i aria-hidden=\"true\" class=\"eicon-chevron-left\"><\/i>\t\t\t\t\t<\/div>\n\t\t\t\t\t<div class=\"elementor-swiper-button elementor-swiper-button-next\" role=\"button\" tabindex=\"0\">\n\t\t\t\t\t\t<i aria-hidden=\"true\" class=\"eicon-chevron-right\"><\/i>\t\t\t\t\t<\/div>\n\t\t\t\t\n\t\t\t\t\t\t\t\t\t<\/div>\n\t\t\t\t\t\t<\/div>\n\t\t\t\t<\/div>\n\t\t\t\t\t<\/div>\n\t\t<\/div>\n\t\t\t\t<div class=\"elementor-column elementor-col-50 elementor-top-column elementor-element elementor-element-4e64b68\" data-id=\"4e64b68\" data-element_type=\"column\" data-e-type=\"column\" data-settings=\"{&quot;background_background&quot;:&quot;classic&quot;}\">\n\t\t\t<div class=\"elementor-widget-wrap elementor-element-populated\">\n\t\t\t\t\t\t<div class=\"elementor-element elementor-element-b9d5136 elementor-widget elementor-widget-google_maps\" data-id=\"b9d5136\" data-element_type=\"widget\" data-e-type=\"widget\" data-widget_type=\"google_maps.default\">\n\t\t\t\t<div class=\"elementor-widget-container\">\n\t\t\t\t\t\t\t<div class=\"elementor-custom-embed\">\n\t\t\t<iframe loading=\"lazy\"\n\t\t\t\t\tsrc=\"https:\/\/maps.google.com\/maps?q=24-26%20Rue%20du%20Faubourg%20National%2C%20Strasbourg&#038;t=m&#038;z=14&#038;output=embed&#038;iwloc=near\"\n\t\t\t\t\ttitle=\"24-26 Rue du Faubourg National, Strasbourg\"\n\t\t\t\t\taria-label=\"24-26 Rue du Faubourg National, Strasbourg\"\n\t\t\t><\/iframe>\n\t\t<\/div>\n\t\t\t\t\t\t<\/div>\n\t\t\t\t<\/div>\n\t\t\t\t\t<\/div>\n\t\t<\/div>\n\t\t\t\t\t<\/div>\n\t\t<\/section>\n\t\t\t\t<section class=\"elementor-section elementor-top-section elementor-element elementor-element-953282c elementor-section-boxed elementor-section-height-default elementor-section-height-default\" data-id=\"953282c\" data-element_type=\"section\" data-e-type=\"section\">\n\t\t\t\t\t\t<div class=\"elementor-container elementor-column-gap-default\">\n\t\t\t\t\t<div class=\"elementor-column elementor-col-100 elementor-top-column elementor-element elementor-element-abff958\" data-id=\"abff958\" data-element_type=\"column\" data-e-type=\"column\">\n\t\t\t<div class=\"elementor-widget-wrap elementor-element-populated\">\n\t\t\t\t\t\t<div class=\"elementor-element elementor-element-cc021ba elementor-widget elementor-widget-shortcode\" data-id=\"cc021ba\" data-element_type=\"widget\" data-e-type=\"widget\" data-widget_type=\"shortcode.default\">\n\t\t\t\t<div class=\"elementor-widget-container\">\n\t\t\t\t\t\t\t<div class=\"elementor-shortcode\"><div class=\"mixit7-faq mixit7-faq-clapclap\" data-mode=\"closed\" role=\"list\">\n\n            <h2 class=\"mixit7-faq-section-title\">All you need to know about parking<\/h2>\n    \n    \n            <div class=\"mixit7-faq-category\">\n\n                \n                \n                    <div class=\"mixit7-faq-item\" id=\"faq-what-is-the-maximum-vehicle-height\" role=\"listitem\">\n                        <h3 class=\"mixit7-faq-question-heading\">                        <button\n                            class=\"mixit7-faq-question\"\n                            aria-expanded=\"false\"\n                            aria-controls=\"mixit7-faq-answer-14200\"\n                            type=\"button\"\n                        >\n                            What is the maximum vehicle height?                            <span class=\"mixit7-faq-icon\" aria-hidden=\"true\"><\/span>\n                        <\/button>\n                        <\/h3>\n                        <div\n                            class=\"mixit7-faq-answer\"\n                            id=\"mixit7-faq-answer-14200\"\n                            hidden                        >\n                            <div class=\"mixit7-faq-answer-inner\">\n                                <p>1.80 m. If your vehicle exceeds this height, contact us before arrival \u2014 we'll help you find a nearby alternative.<\/p>\n                                                            <\/div>\n                        <\/div>\n                    <\/div>\n\n                \n                    <div class=\"mixit7-faq-item\" id=\"faq-how-do-i-get-to-the-parking-from-the-motorway\" role=\"listitem\">\n                        <h3 class=\"mixit7-faq-question-heading\">                        <button\n                            class=\"mixit7-faq-question\"\n                            aria-expanded=\"false\"\n                            aria-controls=\"mixit7-faq-answer-14202\"\n                            type=\"button\"\n                        >\n                            How do I get to the parking from the motorway?                            <span class=\"mixit7-faq-icon\" aria-hidden=\"true\"><\/span>\n                        <\/button>\n                        <\/h3>\n                        <div\n                            class=\"mixit7-faq-answer\"\n                            id=\"mixit7-faq-answer-14202\"\n                            hidden                        >\n                            <div class=\"mixit7-faq-answer-inner\">\n                                <p>From the A35, take the Porte Blanche exit. Head straight along Boulevard de Nancy until you reach Le Prince pizzeria, then turn right onto Rue du Faubourg National. Enter from the promenade side \u2014 you'll see the large white \"Parking Gare\" gate just after Basic Fit. Yes, you'll be driving over tram tracks. That's the entrance.<\/p>\n                                                            <\/div>\n                        <\/div>\n                    <\/div>\n\n                \n                    <div class=\"mixit7-faq-item\" id=\"faq-what-if-i-dont-have-a-car\" role=\"listitem\">\n                        <h3 class=\"mixit7-faq-question-heading\">                        <button\n                            class=\"mixit7-faq-question\"\n                            aria-expanded=\"false\"\n                            aria-controls=\"mixit7-faq-answer-14206\"\n                            type=\"button\"\n                        >\n                            What if I don&#039;t have a car?                            <span class=\"mixit7-faq-icon\" aria-hidden=\"true\"><\/span>\n                        <\/button>\n                        <\/h3>\n                        <div\n                            class=\"mixit7-faq-answer\"\n                            id=\"mixit7-faq-answer-14206\"\n                            hidden                        >\n                            <div class=\"mixit7-faq-answer-inner\">\n                                <p>The tram (lines B and F, Faubourg National stop) is 200 m from the hotel. Strasbourg is also very cycle-friendly \u2014 we have a secure bike storage area.<\/p>\n                                                            <\/div>\n                        <\/div>\n                    <\/div>\n\n                \n                    <div class=\"mixit7-faq-item\" id=\"faq-i-didnt-receive-my-access-instructions-what-should-i-do\" role=\"listitem\">\n                        <h3 class=\"mixit7-faq-question-heading\">                        <button\n                            class=\"mixit7-faq-question\"\n                            aria-expanded=\"false\"\n                            aria-controls=\"mixit7-faq-answer-14208\"\n                            type=\"button\"\n                        >\n                            I didn&#039;t receive my access instructions \u2014 what should I do?                            <span class=\"mixit7-faq-icon\" aria-hidden=\"true\"><\/span>\n                        <\/button>\n                        <\/h3>\n                        <div\n                            class=\"mixit7-faq-answer\"\n                            id=\"mixit7-faq-answer-14208\"\n                            hidden                        >\n                            <div class=\"mixit7-faq-answer-inner\">\n                                <p>Instructions are sent automatically by email at the time of booking. Check your spam folder, and if you still can't find them, call us on +33 (0)3 88 32 14 54 before your arrival.<\/p>\n                                                            <\/div>\n                        <\/div>\n                    <\/div>\n\n                \n                    <div class=\"mixit7-faq-item\" id=\"faq-where-exactly-is-my-parking-space\" role=\"listitem\">\n                        <h3 class=\"mixit7-faq-question-heading\">                        <button\n                            class=\"mixit7-faq-question\"\n                            aria-expanded=\"false\"\n                            aria-controls=\"mixit7-faq-answer-14204\"\n                            type=\"button\"\n                        >\n                            Where exactly is my parking space?                            <span class=\"mixit7-faq-icon\" aria-hidden=\"true\"><\/span>\n                        <\/button>\n                        <\/h3>\n                        <div\n                            class=\"mixit7-faq-answer\"\n                            id=\"mixit7-faq-answer-14204\"\n                            hidden                        >\n                            <div class=\"mixit7-faq-answer-inner\">\n                                <p>Your spaces are reserved under the name \"Pax Hotel\": level -2 (spaces 06, 09, 10) or level 1 (spaces 12 to 17). Your space number will be confirmed at reception during check-in.<\/p>\n                                                            <\/div>\n                        <\/div>\n                    <\/div>\n\n                \n            <\/div><!-- .mixit7-faq-category -->\n\n        \n<\/div><!-- .mixit7-faq -->\n\n<\/div>\n\t\t\t\t\t\t<\/div>\n\t\t\t\t<\/div>\n\t\t\t\t\t<\/div>\n\t\t<\/div>\n\t\t\t\t\t<\/div>\n\t\t<\/section>\n\t\t\t\t<\/div>\n\t\t","protected":false},"excerpt":{"rendered":"<p>https:\/\/youtu.be\/jSk4tFYZlso Warning!\u00a0 Be prepared to access the most complicated parking in the city of Strasbourg! To access our car park, add the following address to your GPS: 19 rue du Faubourg National \u2013 67000 Strasbourg. You will have to drive on the tram tracks and on the sidewalk, otherwise you will not be able to [&hellip;]<\/p>\n","protected":false},"author":1,"featured_media":8038,"parent":0,"menu_order":0,"comment_status":"closed","ping_status":"closed","template":"","meta":{"_acf_changed":false,"footnotes":""},"class_list":["post-8835","page","type-page","status-publish","has-post-thumbnail","hentry"],"acf":[],"_links":{"self":[{"href":"https:\/\/www.clapclap-strasbourg.com\/en\/wp-json\/wp\/v2\/pages\/8835","targetHints":{"allow":["GET"]}}],"collection":[{"href":"https:\/\/www.clapclap-strasbourg.com\/en\/wp-json\/wp\/v2\/pages"}],"about":[{"href":"https:\/\/www.clapclap-strasbourg.com\/en\/wp-json\/wp\/v2\/types\/page"}],"author":[{"embeddable":true,"href":"https:\/\/www.clapclap-strasbourg.com\/en\/wp-json\/wp\/v2\/users\/1"}],"replies":[{"embeddable":true,"href":"https:\/\/www.clapclap-strasbourg.com\/en\/wp-json\/wp\/v2\/comments?post=8835"}],"version-history":[{"count":21,"href":"https:\/\/www.clapclap-strasbourg.com\/en\/wp-json\/wp\/v2\/pages\/8835\/revisions"}],"predecessor-version":[{"id":14724,"href":"https:\/\/www.clapclap-strasbourg.com\/en\/wp-json\/wp\/v2\/pages\/8835\/revisions\/14724"}],"wp:featuredmedia":[{"embeddable":true,"href":"https:\/\/www.clapclap-strasbourg.com\/en\/wp-json\/wp\/v2\/media\/8038"}],"wp:attachment":[{"href":"https:\/\/www.clapclap-strasbourg.com\/en\/wp-json\/wp\/v2\/media?parent=8835"}],"curies":[{"name":"wp","href":"https:\/\/api.w.org\/{rel}","templated":true}]}}