{"id":8863,"date":"2022-04-21T14:48:39","date_gmt":"2022-04-21T14:48:39","guid":{"rendered":"https:\/\/www.clapclap-strasbourg.com\/nous-contacter\/"},"modified":"2026-04-23T08:54:32","modified_gmt":"2026-04-23T08:54:32","slug":"contact","status":"publish","type":"page","link":"https:\/\/www.clapclap-strasbourg.com\/en\/contact\/","title":{"rendered":"Contact"},"content":{"rendered":"\t\t<div data-elementor-type=\"wp-page\" data-elementor-id=\"8863\" class=\"elementor elementor-8863 elementor-98\" data-elementor-post-type=\"page\">\n\t\t\t\t\t\t<section data-dce-background-image-url=\"https:\/\/www.clapclap-strasbourg.com\/wp-content\/uploads\/espaces-communs\/img_0872-3-min.jpg\" class=\"elementor-section elementor-top-section elementor-element elementor-element-57375a4 elementor-section-full_width elementor-section-height-min-height elementor-section-height-default elementor-section-items-middle\" data-id=\"57375a4\" data-element_type=\"section\" data-e-type=\"section\" data-settings=\"{&quot;background_background&quot;:&quot;classic&quot;}\">\n\t\t\t\t\t\t\t<div class=\"elementor-background-overlay\"><\/div>\n\t\t\t\t\t\t\t<div class=\"elementor-container elementor-column-gap-no\">\n\t\t\t\t\t<div class=\"elementor-column elementor-col-100 elementor-top-column elementor-element elementor-element-b6360ef\" data-id=\"b6360ef\" data-element_type=\"column\" data-e-type=\"column\">\n\t\t\t<div class=\"elementor-widget-wrap elementor-element-populated\">\n\t\t\t\t\t\t<div data-dce-title-color=\"#FFFFFF\" class=\"elementor-element elementor-element-e032540 elementor-widget elementor-widget-heading\" data-id=\"e032540\" data-element_type=\"widget\" data-e-type=\"widget\" data-widget_type=\"heading.default\">\n\t\t\t\t<div class=\"elementor-widget-container\">\n\t\t\t\t\t<span class=\"elementor-heading-title elementor-size-default\">Contact<\/span>\t\t\t\t<\/div>\n\t\t\t\t<\/div>\n\t\t\t\t\t<\/div>\n\t\t<\/div>\n\t\t\t\t\t<\/div>\n\t\t<\/section>\n\t\t\t\t<section class=\"elementor-section elementor-top-section elementor-element elementor-element-cca4e12 elementor-section-full_width elementor-section-height-default elementor-section-height-default\" data-id=\"cca4e12\" data-element_type=\"section\" data-e-type=\"section\">\n\t\t\t\t\t\t<div class=\"elementor-container elementor-column-gap-no\">\n\t\t\t\t\t<div class=\"elementor-column elementor-col-50 elementor-top-column elementor-element elementor-element-de13af0\" data-id=\"de13af0\" data-element_type=\"column\" data-e-type=\"column\" data-settings=\"{&quot;background_background&quot;:&quot;classic&quot;}\">\n\t\t\t<div class=\"elementor-widget-wrap elementor-element-populated\">\n\t\t\t\t\t\t<div data-dce-title-color=\"#00777C\" class=\"elementor-element elementor-element-fad8c7a elementor-widget elementor-widget-heading\" data-id=\"fad8c7a\" data-element_type=\"widget\" data-e-type=\"widget\" data-widget_type=\"heading.default\">\n\t\t\t\t<div class=\"elementor-widget-container\">\n\t\t\t\t\t<h1 class=\"elementor-heading-title elementor-size-default\">Contact &amp; Access \u2013 ClapClap Hotel Strasbourg<\/h1>\t\t\t\t<\/div>\n\t\t\t\t<\/div>\n\t\t\t\t<div class=\"elementor-element elementor-element-220ca2d elementor-widget-divider--view-line elementor-widget elementor-widget-divider\" data-id=\"220ca2d\" data-element_type=\"widget\" data-e-type=\"widget\" data-widget_type=\"divider.default\">\n\t\t\t\t<div class=\"elementor-widget-container\">\n\t\t\t\t\t\t\t<div class=\"elementor-divider\">\n\t\t\t<span class=\"elementor-divider-separator\">\n\t\t\t\t\t\t<\/span>\n\t\t<\/div>\n\t\t\t\t\t\t<\/div>\n\t\t\t\t<\/div>\n\t\t\t\t<div class=\"elementor-element elementor-element-6f579e8 elementor-widget elementor-widget-text-editor\" data-id=\"6f579e8\" data-element_type=\"widget\" data-e-type=\"widget\" data-widget_type=\"text-editor.default\">\n\t\t\t\t<div class=\"elementor-widget-container\">\n\t\t\t\t\t\t\t\t\t<p>Please contact us for any further information. Contact us by phone, e-mail or post:<\/p>\t\t\t\t\t\t\t\t<\/div>\n\t\t\t\t<\/div>\n\t\t\t\t<div data-dce-title-color=\"#00777C\" class=\"elementor-element elementor-element-ad99d8d elementor-widget elementor-widget-heading\" data-id=\"ad99d8d\" data-element_type=\"widget\" data-e-type=\"widget\" data-widget_type=\"heading.default\">\n\t\t\t\t<div class=\"elementor-widget-container\">\n\t\t\t\t\t<h2 class=\"elementor-heading-title elementor-size-default\">Contact the Hotel<\/h2>\t\t\t\t<\/div>\n\t\t\t\t<\/div>\n\t\t\t\t<div class=\"elementor-element elementor-element-2a07c6b elementor-mobile-align-start elementor-align-start elementor-icon-list--layout-traditional elementor-list-item-link-full_width elementor-widget elementor-widget-icon-list\" data-id=\"2a07c6b\" data-element_type=\"widget\" data-e-type=\"widget\" data-widget_type=\"icon-list.default\">\n\t\t\t\t<div class=\"elementor-widget-container\">\n\t\t\t\t\t\t\t<ul class=\"elementor-icon-list-items\">\n\t\t\t\t\t\t\t<li class=\"elementor-icon-list-item\">\n\t\t\t\t\t\t\t\t\t\t\t<a href=\"tel:0033388321454\">\n\n\t\t\t\t\t\t\t\t\t\t\t\t<span class=\"elementor-icon-list-icon\">\n\t\t\t\t\t\t\t<i aria-hidden=\"true\" class=\"fas fa-phone-alt\"><\/i>\t\t\t\t\t\t<\/span>\n\t\t\t\t\t\t\t\t\t\t<span class=\"elementor-icon-list-text\">+33 (0)3 88 32 14 54<\/span>\n\t\t\t\t\t\t\t\t\t\t\t<\/a>\n\t\t\t\t\t\t\t\t\t<\/li>\n\t\t\t\t\t\t\t\t<li class=\"elementor-icon-list-item\">\n\t\t\t\t\t\t\t\t\t\t\t<a href=\"mailto:info@clapclap-strasbourg.com\">\n\n\t\t\t\t\t\t\t\t\t\t\t\t<span class=\"elementor-icon-list-icon\">\n\t\t\t\t\t\t\t<i aria-hidden=\"true\" class=\"far fa-envelope\"><\/i>\t\t\t\t\t\t<\/span>\n\t\t\t\t\t\t\t\t\t\t<span class=\"elementor-icon-list-text\">info@clapclap-strasbourg.com<\/span>\n\t\t\t\t\t\t\t\t\t\t\t<\/a>\n\t\t\t\t\t\t\t\t\t<\/li>\n\t\t\t\t\t\t\t\t<li class=\"elementor-icon-list-item\">\n\t\t\t\t\t\t\t\t\t\t\t<span class=\"elementor-icon-list-icon\">\n\t\t\t\t\t\t\t<i aria-hidden=\"true\" class=\"fas fa-map-marker-alt\"><\/i>\t\t\t\t\t\t<\/span>\n\t\t\t\t\t\t\t\t\t\t<span class=\"elementor-icon-list-text\">24-26 Rue du Faubourg National, 67000 STRASBOURG<\/span>\n\t\t\t\t\t\t\t\t\t<\/li>\n\t\t\t\t\t\t<\/ul>\n\t\t\t\t\t\t<\/div>\n\t\t\t\t<\/div>\n\t\t\t\t\t<\/div>\n\t\t<\/div>\n\t\t\t\t<div class=\"elementor-column elementor-col-50 elementor-top-column elementor-element elementor-element-1a80d25\" data-id=\"1a80d25\" data-element_type=\"column\" data-e-type=\"column\" data-settings=\"{&quot;background_background&quot;:&quot;classic&quot;}\">\n\t\t\t<div class=\"elementor-widget-wrap elementor-element-populated\">\n\t\t\t\t\t\t<div class=\"elementor-element elementor-element-127a1d4 elementor-widget elementor-widget-google_maps\" data-id=\"127a1d4\" data-element_type=\"widget\" data-e-type=\"widget\" data-widget_type=\"google_maps.default\">\n\t\t\t\t<div class=\"elementor-widget-container\">\n\t\t\t\t\t\t\t<div class=\"elementor-custom-embed\">\n\t\t\t<iframe loading=\"lazy\"\n\t\t\t\t\tsrc=\"https:\/\/maps.google.com\/maps?q=24-26%20Rue%20du%20Faubourg%20National%2C%20Strasbourg&#038;t=m&#038;z=14&#038;output=embed&#038;iwloc=near\"\n\t\t\t\t\ttitle=\"24-26 Rue du Faubourg National, Strasbourg\"\n\t\t\t\t\taria-label=\"24-26 Rue du Faubourg National, Strasbourg\"\n\t\t\t><\/iframe>\n\t\t<\/div>\n\t\t\t\t\t\t<\/div>\n\t\t\t\t<\/div>\n\t\t\t\t\t<\/div>\n\t\t<\/div>\n\t\t\t\t\t<\/div>\n\t\t<\/section>\n\t\t\t\t<section class=\"elementor-section elementor-top-section elementor-element elementor-element-0edab54 elementor-section-full_width elementor-reverse-tablet elementor-reverse-mobile elementor-section-height-default elementor-section-height-default\" data-id=\"0edab54\" data-element_type=\"section\" data-e-type=\"section\">\n\t\t\t\t\t\t<div class=\"elementor-container elementor-column-gap-default\">\n\t\t\t\t\t<div data-dce-background-image-url=\"https:\/\/www.clapclap-strasbourg.com\/wp-content\/uploads\/espaces-communs\/img_0835-min.jpg\" class=\"elementor-column elementor-col-25 elementor-top-column elementor-element elementor-element-80b4e86\" data-id=\"80b4e86\" data-element_type=\"column\" data-e-type=\"column\" data-settings=\"{&quot;background_background&quot;:&quot;classic&quot;}\">\n\t\t\t<div class=\"elementor-widget-wrap elementor-element-populated\">\n\t\t\t\t\t\t<div class=\"elementor-element elementor-element-c7c06b0 elementor-widget elementor-widget-spacer\" data-id=\"c7c06b0\" data-element_type=\"widget\" data-e-type=\"widget\" data-widget_type=\"spacer.default\">\n\t\t\t\t<div class=\"elementor-widget-container\">\n\t\t\t\t\t\t\t<div class=\"elementor-spacer\">\n\t\t\t<div class=\"elementor-spacer-inner\"><\/div>\n\t\t<\/div>\n\t\t\t\t\t\t<\/div>\n\t\t\t\t<\/div>\n\t\t\t\t\t<\/div>\n\t\t<\/div>\n\t\t\t\t<div class=\"elementor-column elementor-col-50 elementor-top-column elementor-element elementor-element-b8ba205\" data-id=\"b8ba205\" data-element_type=\"column\" data-e-type=\"column\" data-settings=\"{&quot;background_background&quot;:&quot;classic&quot;}\">\n\t\t\t<div class=\"elementor-widget-wrap elementor-element-populated\">\n\t\t\t\t\t\t<section class=\"elementor-section elementor-inner-section elementor-element elementor-element-34ce33f elementor-section-full_width elementor-section-height-default elementor-section-height-default\" data-id=\"34ce33f\" data-element_type=\"section\" data-e-type=\"section\">\n\t\t\t\t\t\t<div class=\"elementor-container elementor-column-gap-default\">\n\t\t\t\t\t<div class=\"elementor-column elementor-col-100 elementor-inner-column elementor-element elementor-element-d6a5c26\" data-id=\"d6a5c26\" data-element_type=\"column\" data-e-type=\"column\" data-settings=\"{&quot;background_background&quot;:&quot;classic&quot;}\">\n\t\t\t<div class=\"elementor-widget-wrap elementor-element-populated\">\n\t\t\t\t\t\t<div data-dce-title-color=\"#00777C\" class=\"elementor-element elementor-element-19be794 elementor-widget elementor-widget-heading\" data-id=\"19be794\" data-element_type=\"widget\" data-e-type=\"widget\" data-widget_type=\"heading.default\">\n\t\t\t\t<div class=\"elementor-widget-container\">\n\t\t\t\t\t<h2 class=\"elementor-heading-title elementor-size-default\">Have a question? Write to us<\/h2>\t\t\t\t<\/div>\n\t\t\t\t<\/div>\n\t\t\t\t<div class=\"elementor-element elementor-element-4e12152 elementor-button-align-center newsletter-form elementor-widget elementor-widget-form\" data-id=\"4e12152\" data-element_type=\"widget\" data-e-type=\"widget\" data-settings=\"{&quot;step_next_label&quot;:&quot;Next&quot;,&quot;step_previous_label&quot;:&quot;Previous&quot;,&quot;button_width&quot;:&quot;100&quot;,&quot;step_type&quot;:&quot;number_text&quot;,&quot;step_icon_shape&quot;:&quot;circle&quot;}\" data-widget_type=\"form.default\">\n\t\t\t\t<div class=\"elementor-widget-container\">\n\t\t\t\t\t\t\t<form class=\"elementor-form\" method=\"post\" name=\"ContactForm\" aria-label=\"ContactForm\">\n\t\t\t<input type=\"hidden\" name=\"post_id\" value=\"8863\"\/>\n\t\t\t<input type=\"hidden\" name=\"form_id\" value=\"4e12152\"\/>\n\t\t\t<input type=\"hidden\" name=\"referer_title\" value=\"Contact &amp; Bookings | ClapClap Hotel Strasbourg\" \/>\n\n\t\t\t\t\t\t\t<input type=\"hidden\" name=\"queried_id\" value=\"8863\"\/>\n\t\t\t\n\t\t\t<div class=\"elementor-form-fields-wrapper elementor-labels-\">\n\t\t\t\t\t\t\t\t<div class=\"elementor-field-type-text\">\n\t\t\t\t\t<input size=\"1\" type=\"text\" name=\"form_fields[honeypot]\" id=\"form-field-honeypot\" class=\"elementor-field elementor-size-sm \" style=\"display:none !important;\">\t\t\t\t<\/div>\n\t\t\t\t\t\t\t\t<div class=\"elementor-field-type-text elementor-field-group elementor-column elementor-field-group-name elementor-col-50 elementor-field-required\">\n\t\t\t\t\t\t\t\t\t\t\t\t<label for=\"form-field-name\" class=\"elementor-field-label elementor-screen-only\">\n\t\t\t\t\t\t\t\tLast name\t\t\t\t\t\t\t<\/label>\n\t\t\t\t\t\t\t\t\t\t\t\t\t\t<input size=\"1\" type=\"text\" name=\"form_fields[name]\" id=\"form-field-name\" class=\"elementor-field elementor-size-sm  elementor-field-textual\" placeholder=\"Last name\" required=\"required\">\n\t\t\t\t\t\t\t\t\t\t\t<\/div>\n\t\t\t\t\t\t\t\t<div class=\"elementor-field-type-text elementor-field-group elementor-column elementor-field-group-prenom elementor-col-50\">\n\t\t\t\t\t\t\t\t\t\t\t\t<label for=\"form-field-prenom\" class=\"elementor-field-label elementor-screen-only\">\n\t\t\t\t\t\t\t\tFirst name\t\t\t\t\t\t\t<\/label>\n\t\t\t\t\t\t\t\t\t\t\t\t\t\t<input size=\"1\" type=\"text\" name=\"form_fields[prenom]\" id=\"form-field-prenom\" class=\"elementor-field elementor-size-sm  elementor-field-textual\" placeholder=\"First name\">\n\t\t\t\t\t\t\t\t\t\t\t<\/div>\n\t\t\t\t\t\t\t\t<div class=\"elementor-field-type-email elementor-field-group elementor-column elementor-field-group-email elementor-col-100 elementor-field-required\">\n\t\t\t\t\t\t\t\t\t\t\t\t<label for=\"form-field-email\" class=\"elementor-field-label elementor-screen-only\">\n\t\t\t\t\t\t\t\tEmail\t\t\t\t\t\t\t<\/label>\n\t\t\t\t\t\t\t\t\t\t\t\t\t\t<input size=\"1\" type=\"email\" name=\"form_fields[email]\" id=\"form-field-email\" class=\"elementor-field elementor-size-sm  elementor-field-textual\" placeholder=\"E-mail\" required=\"required\">\n\t\t\t\t\t\t\t\t\t\t\t<\/div>\n\t\t\t\t\t\t\t\t<div class=\"elementor-field-type-select elementor-field-group elementor-column elementor-field-group-subject elementor-col-100\">\n\t\t\t\t\t\t\t\t\t\t\t\t<label for=\"form-field-subject\" class=\"elementor-field-label elementor-screen-only\">\n\t\t\t\t\t\t\t\tSubject\t\t\t\t\t\t\t<\/label>\n\t\t\t\t\t\t\t\t<div class=\"elementor-field elementor-select-wrapper remove-before \">\n\t\t\t<div class=\"select-caret-down-wrapper\">\n\t\t\t\t<i aria-hidden=\"true\" class=\"eicon-caret-down\"><\/i>\t\t\t<\/div>\n\t\t\t<select name=\"form_fields[subject]\" id=\"form-field-subject\" class=\"elementor-field-textual elementor-size-sm\">\n\t\t\t\t\t\t\t\t\t<option value=\"Sujet non pr\u00e9cis\u00e9\">Select a subject<\/option>\n\t\t\t\t\t\t\t\t\t<option value=\"R\u00e9servation groupe restaurant +de 10 personnes\">Restaurant group booking (more than 10 people)<\/option>\n\t\t\t\t\t\t\t\t\t<option value=\"R\u00e9servation pour anniversaire ou f\u00eates de particuliers\">Booking for individual birthday or celebration<\/option>\n\t\t\t\t\t\t\t\t\t<option value=\"R\u00e9servation groupes h\u00f4tel\">Hotel group booking<\/option>\n\t\t\t\t\t\t\t\t\t<option value=\"R\u00e9servation s\u00e9minaire\">Conference booking<\/option>\n\t\t\t\t\t\t\t\t\t<option value=\"R\u00e9servation d\u2019\u00e9v\u00e8nement pour une soci\u00e9t\u00e9\">Booking an event for an association<\/option>\n\t\t\t\t\t\t\t\t\t<option value=\"Pour proposer une animation ou une activit\u00e9\">To suggest an entertainment or activity<\/option>\n\t\t\t\t\t\t\t\t\t<option value=\"Questions diverses\">Other questions<\/option>\n\t\t\t\t\t\t\t<\/select>\n\t\t<\/div>\n\t\t\t\t\t\t<\/div>\n\t\t\t\t\t\t\t\t<div class=\"elementor-field-type-textarea elementor-field-group elementor-column elementor-field-group-message elementor-col-100\">\n\t\t\t\t\t\t\t\t\t\t\t\t<label for=\"form-field-message\" class=\"elementor-field-label elementor-screen-only\">\n\t\t\t\t\t\t\t\tMessage\t\t\t\t\t\t\t<\/label>\n\t\t\t\t\t\t<textarea class=\"elementor-field-textual elementor-field  elementor-size-sm\" name=\"form_fields[message]\" id=\"form-field-message\" rows=\"3\" placeholder=\"Message\"><\/textarea>\t\t\t\t<\/div>\n\t\t\t\t\t\t\t\t<div class=\"elementor-field-type-recaptcha elementor-field-group elementor-column elementor-field-group-field_ecf5077 elementor-col-100\">\n\t\t\t\t\t<div class=\"elementor-field\" id=\"form-field-field_ecf5077\"><div class=\"elementor-g-recaptcha\" data-sitekey=\"6LdKjxshAAAAADOxriVs5PEjj5zlsUZFEw6G3LF3\" data-type=\"v2_checkbox\" data-theme=\"dark\" data-size=\"normal\"><\/div><\/div>\t\t\t\t<\/div>\n\t\t\t\t\t\t\t\t<div class=\"elementor-field-group elementor-column elementor-field-type-submit elementor-col-100 e-form__buttons\">\n\t\t\t\t\t<button class=\"elementor-button elementor-size-sm elementor-animation-grow\" type=\"submit\">\n\t\t\t\t\t\t<span class=\"elementor-button-content-wrapper\">\n\t\t\t\t\t\t\t\t\t\t\t\t\t\t\t\t\t\t\t\t\t\t<span class=\"elementor-button-text\">Send<\/span>\n\t\t\t\t\t\t\t\t\t\t\t\t\t<\/span>\n\t\t\t\t\t<\/button>\n\t\t\t\t<\/div>\n\t\t\t<\/div>\n\t\t<\/form>\n\t\t\t\t\t\t<\/div>\n\t\t\t\t<\/div>\n\t\t\t\t\t<\/div>\n\t\t<\/div>\n\t\t\t\t\t<\/div>\n\t\t<\/section>\n\t\t\t\t\t<\/div>\n\t\t<\/div>\n\t\t\t\t<div class=\"elementor-column elementor-col-25 elementor-top-column elementor-element elementor-element-117d972\" data-id=\"117d972\" data-element_type=\"column\" data-e-type=\"column\">\n\t\t\t<div class=\"elementor-widget-wrap\">\n\t\t\t\t\t\t\t<\/div>\n\t\t<\/div>\n\t\t\t\t\t<\/div>\n\t\t<\/section>\n\t\t\t\t<section class=\"elementor-section elementor-top-section elementor-element elementor-element-7ad3dba elementor-section-boxed elementor-section-height-default elementor-section-height-default\" data-id=\"7ad3dba\" data-element_type=\"section\" data-e-type=\"section\">\n\t\t\t\t\t\t<div class=\"elementor-container elementor-column-gap-default\">\n\t\t\t\t\t<div class=\"elementor-column elementor-col-100 elementor-top-column elementor-element elementor-element-bcfd701\" data-id=\"bcfd701\" data-element_type=\"column\" data-e-type=\"column\">\n\t\t\t<div class=\"elementor-widget-wrap elementor-element-populated\">\n\t\t\t\t\t\t<div class=\"elementor-element elementor-element-4fdc8e9 elementor-widget elementor-widget-shortcode\" data-id=\"4fdc8e9\" data-element_type=\"widget\" data-e-type=\"widget\" data-widget_type=\"shortcode.default\">\n\t\t\t\t<div class=\"elementor-widget-container\">\n\t\t\t\t\t\t\t<div class=\"elementor-shortcode\"><div class=\"mixit7-faq mixit7-faq-clapclap\" data-mode=\"closed\" role=\"list\">\n\n            <h2 class=\"mixit7-faq-section-title\">We're here. Really.<\/h2>\n    \n    \n            <div class=\"mixit7-faq-category\">\n\n                \n                \n                    <div class=\"mixit7-faq-item\" id=\"faq-how-do-i-contact-clapclap-hotel-in-strasbourg\" role=\"listitem\">\n                        <h3 class=\"mixit7-faq-question-heading\">                        <button\n                            class=\"mixit7-faq-question\"\n                            aria-expanded=\"false\"\n                            aria-controls=\"mixit7-faq-answer-13172\"\n                            type=\"button\"\n                        >\n                            How do I contact ClapClap Hotel in Strasbourg?                            <span class=\"mixit7-faq-icon\" aria-hidden=\"true\"><\/span>\n                        <\/button>\n                        <\/h3>\n                        <div\n                            class=\"mixit7-faq-answer\"\n                            id=\"mixit7-faq-answer-13172\"\n                            hidden                        >\n                            <div class=\"mixit7-faq-answer-inner\">\n                                <p><strong>ClapClap Hotel<\/strong> can be reached in several ways. By <strong>phone<\/strong> on <a href=\"tel:+33388321454\"><span style=\"color: #dc4e57\"><strong>+33 (0)3 88 32 14 54<\/strong><\/span><\/a>\u00a0- reception is open <strong>24 hours a day<\/strong>. By <strong>e-mail<\/strong> at <span style=\"color: #dc4e57\"><a style=\"color: #dc4e57\" href=\"mailto:info@clapclap-strasbourg.com\"><strong>info@clapclap-strasbourg.com<\/strong><\/a><\/span>. Via the official website: <span style=\"color: #dc4e57\"><a style=\"color: #dc4e57\" href=\"https:\/\/www.clapclap-strasbourg.com\/en\/\"><strong>www.clapclap-strasbourg.com<\/strong><\/a><\/span>. In person at: <strong>24-26 rue du Faubourg National, 67000 Strasbourg<\/strong>. Whether for a reservation, a meeting room request, a parking question or to organise your arrival, the team is available at any time.<\/p>\n                                                            <\/div>\n                        <\/div>\n                    <\/div>\n\n                \n                    <div class=\"mixit7-faq-item\" id=\"faq-what-is-the-exact-address-of-clapclap-hotel-in-strasbourg\" role=\"listitem\">\n                        <h3 class=\"mixit7-faq-question-heading\">                        <button\n                            class=\"mixit7-faq-question\"\n                            aria-expanded=\"false\"\n                            aria-controls=\"mixit7-faq-answer-13174\"\n                            type=\"button\"\n                        >\n                            What is the exact address of ClapClap Hotel in Strasbourg?                            <span class=\"mixit7-faq-icon\" aria-hidden=\"true\"><\/span>\n                        <\/button>\n                        <\/h3>\n                        <div\n                            class=\"mixit7-faq-answer\"\n                            id=\"mixit7-faq-answer-13174\"\n                            hidden                        >\n                            <div class=\"mixit7-faq-answer-inner\">\n                                <p><strong>ClapClap Hotel<\/strong> is located at <strong>24-26 rue du Faubourg National, 67000 Strasbourg<\/strong>, right in the city centre, between <strong>Strasbourg-Ville TGV station<\/strong> (550 m, 7 min on foot) and <strong>La Petite France<\/strong>. The <strong>Faubourg National<\/strong> tram stop (lines B and F) is <strong>200 m<\/strong> away. The <strong>Barrage Vauban<\/strong> is 200 m away, the <strong>Ponts Couverts<\/strong> 300 m and the <strong>Mus\u00e9e d'Art Moderne<\/strong> 350 m. A <strong>private covered car park<\/strong> is available on booking (~\u20ac17\/night, max. height 1.80 m).<\/p>\n                                                            <\/div>\n                        <\/div>\n                    <\/div>\n\n                \n                    <div class=\"mixit7-faq-item\" id=\"faq-is-the-reception-at-clapclap-hotel-open-24-hours-a-day\" role=\"listitem\">\n                        <h3 class=\"mixit7-faq-question-heading\">                        <button\n                            class=\"mixit7-faq-question\"\n                            aria-expanded=\"false\"\n                            aria-controls=\"mixit7-faq-answer-13176\"\n                            type=\"button\"\n                        >\n                            Is the reception at ClapClap Hotel open 24 hours a day?                            <span class=\"mixit7-faq-icon\" aria-hidden=\"true\"><\/span>\n                        <\/button>\n                        <\/h3>\n                        <div\n                            class=\"mixit7-faq-answer\"\n                            id=\"mixit7-faq-answer-13176\"\n                            hidden                        >\n                            <div class=\"mixit7-faq-answer-inner\">\n                                <p>Yes, the reception at <strong>ClapClap Hotel<\/strong> is open <strong>24 hours a day<\/strong>, 7 days a week. <strong>Private check-in and check-out<\/strong> are available for guests who prefer more discretion, as well as <strong>express check-in and check-out<\/strong>. For any late arrival, request during your stay or emergency, the team is available at any time on <a href=\"tel:+33388321454\"><span style=\"color: #dc4e57\"><strong>+33 (0)3 88 32 14 54<\/strong><\/span><\/a>. It is advisable to notify the hotel of your arrival time in advance.<\/p>\n                                                            <\/div>\n                        <\/div>\n                    <\/div>\n\n                \n                    <div class=\"mixit7-faq-item\" id=\"faq-how-do-i-book-a-room-at-clapclap-hotel-in-strasbourg\" role=\"listitem\">\n                        <h3 class=\"mixit7-faq-question-heading\">                        <button\n                            class=\"mixit7-faq-question\"\n                            aria-expanded=\"false\"\n                            aria-controls=\"mixit7-faq-answer-13178\"\n                            type=\"button\"\n                        >\n                            How do I book a room at ClapClap Hotel in Strasbourg?                            <span class=\"mixit7-faq-icon\" aria-hidden=\"true\"><\/span>\n                        <\/button>\n                        <\/h3>\n                        <div\n                            class=\"mixit7-faq-answer\"\n                            id=\"mixit7-faq-answer-13178\"\n                            hidden                        >\n                            <div class=\"mixit7-faq-answer-inner\">\n                                <p>Booking a room at <strong>ClapClap Hotel<\/strong> can be done directly on the official website <a href=\"https:\/\/www.clapclap-strasbourg.com\/en\/\"><span style=\"color: #dc4e57\"><strong>www.clapclap-strasbourg.com<\/strong><\/span><\/a>, by phone on <a href=\"tel:+33388321454\"><span style=\"color: #dc4e57\"><strong>+33 (0)3 88 32 14 54<\/strong><\/span><\/a>\u00a0\u00a0or by e-mail at <span style=\"color: #dc4e57\"><a style=\"color: #dc4e57\" href=\"mailto:info@clapclap-strasbourg.com\"><strong>info@clapclap-strasbourg.com<\/strong><\/a><\/span>. Booking direct guarantees the <strong>best available rates<\/strong> and allows you to specify your requirements: accessible room, pet, cot, parking booking or early check-in. A <strong>photo ID and a credit card<\/strong> are required at check-in, in the name of the reservation holder.<\/p>\n                                                            <\/div>\n                        <\/div>\n                    <\/div>\n\n                \n            <\/div><!-- .mixit7-faq-category -->\n\n        \n<\/div><!-- .mixit7-faq -->\n<\/div>\n\t\t\t\t\t\t<\/div>\n\t\t\t\t<\/div>\n\t\t\t\t\t<\/div>\n\t\t<\/div>\n\t\t\t\t\t<\/div>\n\t\t<\/section>\n\t\t\t\t<\/div>\n\t\t","protected":false},"excerpt":{"rendered":"<p>Contact &amp; Access \u2013 ClapClap Hotel Strasbourg Please contact us for any further information. Contact us by phone, e-mail or post: Contact the Hotel +33 (0)3 88 32 14 54 info@clapclap-strasbourg.com 24-26 Rue du Faubourg National, 67000 STRASBOURG Have a question? Write to us<\/p>\n","protected":false},"author":1,"featured_media":8080,"parent":0,"menu_order":0,"comment_status":"closed","ping_status":"closed","template":"","meta":{"_acf_changed":false,"footnotes":""},"class_list":["post-8863","page","type-page","status-publish","has-post-thumbnail","hentry"],"acf":[],"_links":{"self":[{"href":"https:\/\/www.clapclap-strasbourg.com\/en\/wp-json\/wp\/v2\/pages\/8863","targetHints":{"allow":["GET"]}}],"collection":[{"href":"https:\/\/www.clapclap-strasbourg.com\/en\/wp-json\/wp\/v2\/pages"}],"about":[{"href":"https:\/\/www.clapclap-strasbourg.com\/en\/wp-json\/wp\/v2\/types\/page"}],"author":[{"embeddable":true,"href":"https:\/\/www.clapclap-strasbourg.com\/en\/wp-json\/wp\/v2\/users\/1"}],"replies":[{"embeddable":true,"href":"https:\/\/www.clapclap-strasbourg.com\/en\/wp-json\/wp\/v2\/comments?post=8863"}],"version-history":[{"count":24,"href":"https:\/\/www.clapclap-strasbourg.com\/en\/wp-json\/wp\/v2\/pages\/8863\/revisions"}],"predecessor-version":[{"id":14717,"href":"https:\/\/www.clapclap-strasbourg.com\/en\/wp-json\/wp\/v2\/pages\/8863\/revisions\/14717"}],"wp:featuredmedia":[{"embeddable":true,"href":"https:\/\/www.clapclap-strasbourg.com\/en\/wp-json\/wp\/v2\/media\/8080"}],"wp:attachment":[{"href":"https:\/\/www.clapclap-strasbourg.com\/en\/wp-json\/wp\/v2\/media?parent=8863"}],"curies":[{"name":"wp","href":"https:\/\/api.w.org\/{rel}","templated":true}]}}